{"id":40038,"date":"2026-02-20T16:29:00","date_gmt":"2026-02-20T15:29:00","guid":{"rendered":"https:\/\/franciszkanie.pl\/?page_id=40038"},"modified":"2026-03-04T11:45:25","modified_gmt":"2026-03-04T10:45:25","slug":"multimedia","status":"publish","type":"page","link":"https:\/\/franciszkanie.pl\/en\/jubileusz-800\/multimedia\/","title":{"rendered":"Artyku\u0142y i multimedia"},"content":{"rendered":"\t\t<div data-elementor-type=\"wp-page\" data-elementor-id=\"40038\" class=\"elementor elementor-40038\" data-elementor-post-type=\"page\">\n\t\t\t\t\t\t<section class=\"elementor-section elementor-top-section elementor-element elementor-element-2c594184 elementor-section-boxed elementor-section-height-default elementor-section-height-default\" data-id=\"2c594184\" data-element_type=\"section\">\n\t\t\t\t\t\t<div class=\"elementor-container elementor-column-gap-default\">\n\t\t\t\t\t<div class=\"elementor-column elementor-col-100 elementor-top-column elementor-element elementor-element-2d4a2947\" data-id=\"2d4a2947\" data-element_type=\"column\">\n\t\t\t<div class=\"elementor-widget-wrap elementor-element-populated\">\n\t\t\t\t\t\t<div class=\"elementor-element elementor-element-4a3ffc9e elementor-widget elementor-widget-heading\" data-id=\"4a3ffc9e\" data-element_type=\"widget\" data-widget_type=\"heading.default\">\n\t\t\t\t<div class=\"elementor-widget-container\">\n\t\t\t\t\t<h1 class=\"elementor-heading-title elementor-size-default\">Multimedia Jubileuszu 800<\/h1>\t\t\t\t<\/div>\n\t\t\t\t<\/div>\n\t\t\t\t\t<\/div>\n\t\t<\/div>\n\t\t\t\t\t<\/div>\n\t\t<\/section>\n\t\t\t\t<section class=\"elementor-section elementor-top-section elementor-element elementor-element-7cb546c elementor-section-boxed elementor-section-height-default elementor-section-height-default\" data-id=\"7cb546c\" data-element_type=\"section\">\n\t\t\t\t\t\t<div class=\"elementor-container elementor-column-gap-default\">\n\t\t\t\t\t<div class=\"elementor-column elementor-col-100 elementor-top-column elementor-element elementor-element-f4178ab\" data-id=\"f4178ab\" data-element_type=\"column\">\n\t\t\t<div class=\"elementor-widget-wrap elementor-element-populated\">\n\t\t\t\t\t\t<div class=\"elementor-element elementor-element-fb92ec1 elementor-widget elementor-widget-text-editor\" data-id=\"fb92ec1\" data-element_type=\"widget\" data-widget_type=\"text-editor.default\">\n\t\t\t\t<div class=\"elementor-widget-container\">\n\t\t\t\t\t\t\t\t\t<p>W tym miejscu publikujemy materia\u0142y multimedialne zwi\u0105zane z Jubileuszem 800-lecia \u015bmierci \u015bw. Franciszka z Asy\u017cu. Znajd\u0105 si\u0119 tu nagrania, zdj\u0119cia, relacje oraz inne tre\u015bci, kt\u00f3re dokumentuj\u0105 wydarzenia i pomagaj\u0105 wraca\u0107 do tego, co prze\u017cywamy w naszej Prowincji.<\/p>\t\t\t\t\t\t\t\t<\/div>\n\t\t\t\t<\/div>\n\t\t\t\t\t<\/div>\n\t\t<\/div>\n\t\t\t\t\t<\/div>\n\t\t<\/section>\n\t\t\t\t<section class=\"elementor-section elementor-top-section elementor-element elementor-element-40904872 elementor-section-boxed elementor-section-height-default elementor-section-height-default\" data-id=\"40904872\" data-element_type=\"section\">\n\t\t\t\t\t\t<div class=\"elementor-container elementor-column-gap-default\">\n\t\t\t\t\t<div class=\"elementor-column elementor-col-100 elementor-top-column elementor-element elementor-element-3e8ed04b\" data-id=\"3e8ed04b\" data-element_type=\"column\">\n\t\t\t<div class=\"elementor-widget-wrap elementor-element-populated\">\n\t\t\t\t\t\t<section class=\"elementor-section elementor-inner-section elementor-element elementor-element-6cff7f58 elementor-section-boxed elementor-section-height-default elementor-section-height-default\" data-id=\"6cff7f58\" data-element_type=\"section\" data-settings=\"{&quot;background_background&quot;:&quot;classic&quot;}\">\n\t\t\t\t\t\t<div class=\"elementor-container elementor-column-gap-default\">\n\t\t\t\t\t<div class=\"elementor-column elementor-col-100 elementor-inner-column elementor-element elementor-element-723a69f1\" data-id=\"723a69f1\" data-element_type=\"column\">\n\t\t\t<div class=\"elementor-widget-wrap\">\n\t\t\t\t\t\t\t<\/div>\n\t\t<\/div>\n\t\t\t\t\t<\/div>\n\t\t<\/section>\n\t\t\t\t\t<\/div>\n\t\t<\/div>\n\t\t\t\t\t<\/div>\n\t\t<\/section>\n\t\t\t\t<section class=\"elementor-section elementor-top-section elementor-element elementor-element-3edb4062 elementor-section-boxed elementor-section-height-default elementor-section-height-default\" data-id=\"3edb4062\" data-element_type=\"section\">\n\t\t\t\t\t\t<div class=\"elementor-container elementor-column-gap-default\">\n\t\t\t\t\t<div class=\"elementor-column elementor-col-100 elementor-top-column elementor-element elementor-element-113a250b\" data-id=\"113a250b\" data-element_type=\"column\">\n\t\t\t<div class=\"elementor-widget-wrap elementor-element-populated\">\n\t\t\t\t\t\t<div class=\"elementor-element elementor-element-39b1d8ea elementor-widget elementor-widget-text-editor\" data-id=\"39b1d8ea\" data-element_type=\"widget\" data-widget_type=\"text-editor.default\">\n\t\t\t\t<div class=\"elementor-widget-container\">\n\t\t\t\t\t\t\t\t\t<p>Sekcja ta b\u0119dzie stopniowo uzupe\u0142niana o kolejne materia\u0142y pojawiaj\u0105ce si\u0119 w trakcie obchod\u00f3w Jubileuszu 800. To miejsce, w kt\u00f3rym b\u0119dziemy gromadzi\u0107 najwa\u017cniejsze tre\u015bci audio, wideo i fotograficzne zwi\u0105zane z tym czasem.<\/p>\t\t\t\t\t\t\t\t<\/div>\n\t\t\t\t<\/div>\n\t\t\t\t\t<\/div>\n\t\t<\/div>\n\t\t\t\t\t<\/div>\n\t\t<\/section>\n\t\t\t\t<section class=\"elementor-section elementor-top-section elementor-element elementor-element-1e2a5fd2 elementor-section-boxed elementor-section-height-default elementor-section-height-default\" data-id=\"1e2a5fd2\" data-element_type=\"section\">\n\t\t\t\t\t\t<div class=\"elementor-container elementor-column-gap-default\">\n\t\t\t\t\t<div class=\"elementor-column elementor-col-100 elementor-top-column elementor-element elementor-element-49f15056\" data-id=\"49f15056\" data-element_type=\"column\">\n\t\t\t<div class=\"elementor-widget-wrap elementor-element-populated\">\n\t\t\t\t\t\t<div class=\"elementor-element elementor-element-66b3f797 elementor-widget elementor-widget-spacer\" data-id=\"66b3f797\" data-element_type=\"widget\" data-widget_type=\"spacer.default\">\n\t\t\t\t<div class=\"elementor-widget-container\">\n\t\t\t\t\t\t\t<div class=\"elementor-spacer\">\n\t\t\t<div class=\"elementor-spacer-inner\"><\/div>\n\t\t<\/div>\n\t\t\t\t\t\t<\/div>\n\t\t\t\t<\/div>\n\t\t\t\t\t<\/div>\n\t\t<\/div>\n\t\t\t\t\t<\/div>\n\t\t<\/section>\n\t\t\t\t<section class=\"elementor-section elementor-top-section elementor-element elementor-element-6c2fe1a9 elementor-section-boxed elementor-section-height-default elementor-section-height-default\" data-id=\"6c2fe1a9\" data-element_type=\"section\">\n\t\t\t\t\t\t<div class=\"elementor-container elementor-column-gap-default\">\n\t\t\t\t\t<div class=\"elementor-column elementor-col-100 elementor-top-column elementor-element elementor-element-5603ba91\" data-id=\"5603ba91\" data-element_type=\"column\">\n\t\t\t<div class=\"elementor-widget-wrap elementor-element-populated\">\n\t\t\t\t\t\t<div class=\"elementor-element elementor-element-52250a9a elementor-widget elementor-widget-heading\" data-id=\"52250a9a\" data-element_type=\"widget\" data-widget_type=\"heading.default\">\n\t\t\t\t<div class=\"elementor-widget-container\">\n\t\t\t\t\t<h2 class=\"elementor-heading-title elementor-size-default\">Najnowsze materia\u0142y<\/h2>\t\t\t\t<\/div>\n\t\t\t\t<\/div>\n\t\t\t\t\t<\/div>\n\t\t<\/div>\n\t\t\t\t\t<\/div>\n\t\t<\/section>\n\t\t\t\t<section class=\"elementor-section elementor-top-section elementor-element elementor-element-311f2ca elementor-section-boxed elementor-section-height-default elementor-section-height-default\" data-id=\"311f2ca\" data-element_type=\"section\">\n\t\t\t\t\t\t<div class=\"elementor-container elementor-column-gap-default\">\n\t\t\t\t\t<div class=\"elementor-column elementor-col-100 elementor-top-column elementor-element elementor-element-8af46f4\" data-id=\"8af46f4\" data-element_type=\"column\">\n\t\t\t<div class=\"elementor-widget-wrap elementor-element-populated\">\n\t\t\t\t\t\t<div class=\"elementor-element elementor-element-89b6fad elementor-widget elementor-widget-text-editor\" data-id=\"89b6fad\" data-element_type=\"widget\" data-widget_type=\"text-editor.default\">\n\t\t\t\t<div class=\"elementor-widget-container\">\n\t\t\t\t\t\t\t\t\t<p>Poni\u017cej publikujemy dost\u0119pne materia\u0142y multimedialne zwi\u0105zane z Jubileuszem 800. W miar\u0119 pojawiania si\u0119 kolejnych nagra\u0144, relacji i galerii strona b\u0119dzie na bie\u017c\u0105co uzupe\u0142niana.<\/p>\t\t\t\t\t\t\t\t<\/div>\n\t\t\t\t<\/div>\n\t\t\t\t\t<\/div>\n\t\t<\/div>\n\t\t\t\t\t<\/div>\n\t\t<\/section>\n\t\t\t\t<section class=\"elementor-section elementor-top-section elementor-element elementor-element-6b2b7b50 elementor-section-boxed elementor-section-height-default elementor-section-height-default\" data-id=\"6b2b7b50\" data-element_type=\"section\">\n\t\t\t\t\t\t<div class=\"elementor-container elementor-column-gap-default\">\n\t\t\t\t\t<div class=\"elementor-column elementor-col-66 elementor-top-column elementor-element elementor-element-4edb9698\" data-id=\"4edb9698\" data-element_type=\"column\" data-settings=\"{&quot;background_background&quot;:&quot;classic&quot;}\">\n\t\t\t<div class=\"elementor-widget-wrap elementor-element-populated\">\n\t\t\t\t\t\t<div class=\"elementor-element elementor-element-74ac6429 elementor-widget elementor-widget-heading\" data-id=\"74ac6429\" data-element_type=\"widget\" data-widget_type=\"heading.default\">\n\t\t\t\t<div class=\"elementor-widget-container\">\n\t\t\t\t\t<h2 class=\"elementor-heading-title elementor-size-default\">Odpust zupe\u0142ny<\/h2>\t\t\t\t<\/div>\n\t\t\t\t<\/div>\n\t\t\t\t<div class=\"elementor-element elementor-element-39b0a248 elementor-widget elementor-widget-text-editor\" data-id=\"39b0a248\" data-element_type=\"widget\" data-widget_type=\"text-editor.default\">\n\t\t\t\t<div class=\"elementor-widget-container\">\n\t\t\t\t\t\t\t\t\t<p>Katecheza kard. Grzegorza Rysia, kt\u00f3ry podejmie temat: \u201eCo Franciszek mo\u017ce dzisiaj powiedzie\u0107 \u015bwiatu?\u201d.<\/p>\t\t\t\t\t\t\t\t<\/div>\n\t\t\t\t<\/div>\n\t\t\t\t<div class=\"elementor-element elementor-element-69422953 elementor-widget elementor-widget-read-more\" data-id=\"69422953\" data-element_type=\"widget\" data-widget_type=\"read-more.default\">\n\t\t\t\t<div class=\"elementor-widget-container\">\n\t\t\t\t\t\n<div class=\"fr-elementor-read-more\">\n\t\n<div class=\"fr-read-more\ndark\">\n\t\t\t<a href=\"\n\t\t\t\t\"\n\t\t\t\t>\n\t\t\t\tsprawd\u017a warunki\t\t\t<div class=\"arrow\">\n\t\t\t\t<img decoding=\"async\" src=\"\n\t\t\t\thttps:\/\/franciszkanie.pl\/wp-content\/themes\/franciszkanie\/resources\/read-more.svg?ver=1.0.119\t\t\t\t\">\n\t\t\t<\/div>\n\t\t\t<\/a>\n\t<\/div>\n<\/div>\n\t\t\t\t<\/div>\n\t\t\t\t<\/div>\n\t\t\t\t\t<\/div>\n\t\t<\/div>\n\t\t\t\t<div class=\"elementor-column elementor-col-33 elementor-top-column elementor-element elementor-element-76698096\" data-id=\"76698096\" data-element_type=\"column\" data-settings=\"{&quot;background_background&quot;:&quot;classic&quot;,&quot;background_motion_fx_motion_fx_mouse&quot;:&quot;yes&quot;,&quot;background_motion_fx_mouseTrack_effect&quot;:&quot;yes&quot;,&quot;background_motion_fx_mouseTrack_speed&quot;:{&quot;unit&quot;:&quot;px&quot;,&quot;size&quot;:0.1,&quot;sizes&quot;:[]}}\">\n\t\t\t<div class=\"elementor-widget-wrap elementor-element-populated\">\n\t\t\t\t\t\t<div class=\"elementor-element elementor-element-66ef1b5 elementor-widget elementor-widget-spacer\" data-id=\"66ef1b5\" data-element_type=\"widget\" data-widget_type=\"spacer.default\">\n\t\t\t\t<div class=\"elementor-widget-container\">\n\t\t\t\t\t\t\t<div class=\"elementor-spacer\">\n\t\t\t<div class=\"elementor-spacer-inner\"><\/div>\n\t\t<\/div>\n\t\t\t\t\t\t<\/div>\n\t\t\t\t<\/div>\n\t\t\t\t\t<\/div>\n\t\t<\/div>\n\t\t\t\t\t<\/div>\n\t\t<\/section>\n\t\t\t\t<section class=\"elementor-section elementor-top-section elementor-element elementor-element-5b4f5c93 elementor-section-boxed elementor-section-height-default elementor-section-height-default\" data-id=\"5b4f5c93\" data-element_type=\"section\">\n\t\t\t\t\t\t<div class=\"elementor-container elementor-column-gap-default\">\n\t\t\t\t\t<div class=\"elementor-column elementor-col-100 elementor-top-column elementor-element elementor-element-571d1779\" data-id=\"571d1779\" data-element_type=\"column\">\n\t\t\t<div class=\"elementor-widget-wrap elementor-element-populated\">\n\t\t\t\t\t\t<div class=\"elementor-element elementor-element-226993e0 elementor-widget elementor-widget-spacer\" data-id=\"226993e0\" data-element_type=\"widget\" data-widget_type=\"spacer.default\">\n\t\t\t\t<div class=\"elementor-widget-container\">\n\t\t\t\t\t\t\t<div class=\"elementor-spacer\">\n\t\t\t<div class=\"elementor-spacer-inner\"><\/div>\n\t\t<\/div>\n\t\t\t\t\t\t<\/div>\n\t\t\t\t<\/div>\n\t\t\t\t\t<\/div>\n\t\t<\/div>\n\t\t\t\t\t<\/div>\n\t\t<\/section>\n\t\t\t\t<section class=\"elementor-section elementor-top-section elementor-element elementor-element-326a5eb9 elementor-section-boxed elementor-section-height-default elementor-section-height-default\" data-id=\"326a5eb9\" data-element_type=\"section\">\n\t\t\t\t\t\t<div class=\"elementor-container elementor-column-gap-default\">\n\t\t\t\t\t<div class=\"elementor-column elementor-col-100 elementor-top-column elementor-element elementor-element-7a2de442\" data-id=\"7a2de442\" data-element_type=\"column\">\n\t\t\t<div class=\"elementor-widget-wrap elementor-element-populated\">\n\t\t\t\t\t\t<div class=\"elementor-element elementor-element-76b02b97 elementor-widget elementor-widget-heading\" data-id=\"76b02b97\" data-element_type=\"widget\" data-widget_type=\"heading.default\">\n\t\t\t\t<div class=\"elementor-widget-container\">\n\t\t\t\t\t<h2 class=\"elementor-heading-title elementor-size-default\">Zobacz tak\u017ce<\/h2>\t\t\t\t<\/div>\n\t\t\t\t<\/div>\n\t\t\t\t<div class=\"elementor-element elementor-element-4938c6f9 elementor-widget elementor-widget-links-list\" data-id=\"4938c6f9\" data-element_type=\"widget\" data-widget_type=\"links-list.default\">\n\t\t\t\t<div class=\"elementor-widget-container\">\n\t\t\t\t\t\n<div class=\"fr-elementor-links-list\">\n\t<div class=\"main-wrapper\">\n\t\t<h2 class=\"fr-heading-2 one\"><\/h2>\n\t\t<div class=\"links-wrapper one\">\n\t\t\t\n\t\t\t\t\t<a href=\"\/jubileusz-800\/wydarzenia\/\" class=\"link paragraph\">\n\t\t\t\t\tWydarzenia jubileuszowe\n\t\t\t\t\t\t\n\t\t\t\t\t<\/a>\n\t\t\t\t\t\t\n\t\t\t\t\t<a href=\"\/jubileusz-800\/dokumenty\/\" class=\"link paragraph\">\n\t\t\t\t\tDokumenty Jubileuszu\n\t\t\t\t\t\t\n\t\t\t\t\t<\/a>\n\t\t\t\t\t\t\n\t\t\t\t\t<a href=\"\/jubileusz-800\/biblioteka\/\" class=\"link paragraph\">\n\t\t\t\t\t\u0179r\u00f3d\u0142a i ksi\u0105\u017cki\n\t\t\t\t\t\t\n\t\t\t\t\t<\/a>\n\t\t\t\t\t\t\t\t<\/div>\n\t<\/div>\n<\/div>\n\t\t\t\t<\/div>\n\t\t\t\t<\/div>\n\t\t\t\t\t<\/div>\n\t\t<\/div>\n\t\t\t\t\t<\/div>\n\t\t<\/section>\n\t\t\t\t<section class=\"elementor-section elementor-top-section elementor-element elementor-element-5cea26e elementor-section-boxed elementor-section-height-default elementor-section-height-default\" data-id=\"5cea26e\" data-element_type=\"section\">\n\t\t\t\t\t\t<div class=\"elementor-container elementor-column-gap-default\">\n\t\t\t\t\t<div class=\"elementor-column elementor-col-100 elementor-top-column elementor-element elementor-element-09bb3cc\" data-id=\"09bb3cc\" data-element_type=\"column\">\n\t\t\t<div class=\"elementor-widget-wrap elementor-element-populated\">\n\t\t\t\t\t\t<div class=\"elementor-element elementor-element-bc5b836 elementor-widget elementor-widget-spacer\" data-id=\"bc5b836\" data-element_type=\"widget\" data-widget_type=\"spacer.default\">\n\t\t\t\t<div class=\"elementor-widget-container\">\n\t\t\t\t\t\t\t<div class=\"elementor-spacer\">\n\t\t\t<div class=\"elementor-spacer-inner\"><\/div>\n\t\t<\/div>\n\t\t\t\t\t\t<\/div>\n\t\t\t\t<\/div>\n\t\t\t\t\t<\/div>\n\t\t<\/div>\n\t\t\t\t\t<\/div>\n\t\t<\/section>\n\t\t\t\t<\/div>\n\t\t","protected":false},"excerpt":{"rendered":"<p>Multimedia Jubileuszu 800 W tym miejscu publikujemy materia\u0142y multimedialne zwi\u0105zane z Jubileuszem 800-lecia \u015bmierci \u015bw. Franciszka z Asy\u017cu. Znajd\u0105 si\u0119 tu nagrania, zdj\u0119cia, relacje oraz inne tre\u015bci, kt\u00f3re dokumentuj\u0105 wydarzenia i pomagaj\u0105 wraca\u0107 do tego, co prze\u017cywamy w naszej Prowincji. Sekcja ta b\u0119dzie stopniowo uzupe\u0142niana o kolejne materia\u0142y pojawiaj\u0105ce si\u0119 w trakcie obchod\u00f3w Jubileuszu 800. [&hellip;]<\/p>\n","protected":false},"author":8,"featured_media":0,"parent":39984,"menu_order":0,"comment_status":"closed","ping_status":"closed","template":"page-templates\/sidebar-header.php","meta":{"footnotes":""},"class_list":["post-40038","page","type-page","status-publish","hentry"],"yoast_head":"<!-- This site is optimized with the Yoast SEO Premium plugin v24.4 (Yoast SEO v24.4) - https:\/\/yoast.com\/wordpress\/plugins\/seo\/ -->\n<title>Artyku\u0142y i multimedia - franciszkanie<\/title>\n<meta name=\"robots\" content=\"noindex, follow\" \/>\n<meta property=\"og:locale\" content=\"en_US\" \/>\n<meta property=\"og:type\" content=\"article\" \/>\n<meta property=\"og:title\" content=\"Artyku\u0142y i multimedia\" \/>\n<meta property=\"og:description\" content=\"Multimedia Jubileuszu 800 W tym miejscu publikujemy materia\u0142y multimedialne zwi\u0105zane z Jubileuszem 800-lecia \u015bmierci \u015bw. Franciszka z Asy\u017cu. Znajd\u0105 si\u0119 tu nagrania, zdj\u0119cia, relacje oraz inne tre\u015bci, kt\u00f3re dokumentuj\u0105 wydarzenia i pomagaj\u0105 wraca\u0107 do tego, co prze\u017cywamy w naszej Prowincji. Sekcja ta b\u0119dzie stopniowo uzupe\u0142niana o kolejne materia\u0142y pojawiaj\u0105ce si\u0119 w trakcie obchod\u00f3w Jubileuszu 800. [&hellip;]\" \/>\n<meta property=\"og:url\" content=\"https:\/\/franciszkanie.pl\/jubileusz-800\/multimedia\/\" \/>\n<meta property=\"og:site_name\" content=\"franciszkanie\" \/>\n<meta property=\"article:publisher\" content=\"https:\/\/www.facebook.com\/franciszkaniekrakow\/\" \/>\n<meta property=\"article:modified_time\" content=\"2026-03-04T10:45:25+00:00\" \/>\n<meta name=\"twitter:card\" content=\"summary_large_image\" \/>\n<meta name=\"twitter:label1\" content=\"Est. reading time\" \/>\n\t<meta name=\"twitter:data1\" content=\"1 minute\" \/>\n<script type=\"application\/ld+json\" class=\"yoast-schema-graph\">{\"@context\":\"https:\/\/schema.org\",\"@graph\":[{\"@type\":\"WebPage\",\"@id\":\"https:\/\/franciszkanie.pl\/jubileusz-800\/multimedia\/\",\"url\":\"https:\/\/franciszkanie.pl\/jubileusz-800\/multimedia\/\",\"name\":\"Artyku\u0142y i multimedia - franciszkanie\",\"isPartOf\":{\"@id\":\"https:\/\/franciszkanie.pl\/#website\"},\"datePublished\":\"2026-02-20T15:29:00+00:00\",\"dateModified\":\"2026-03-04T10:45:25+00:00\",\"breadcrumb\":{\"@id\":\"https:\/\/franciszkanie.pl\/jubileusz-800\/multimedia\/#breadcrumb\"},\"inLanguage\":\"en-US\",\"potentialAction\":[{\"@type\":\"ReadAction\",\"target\":[\"https:\/\/franciszkanie.pl\/jubileusz-800\/multimedia\/\"]}]},{\"@type\":\"BreadcrumbList\",\"@id\":\"https:\/\/franciszkanie.pl\/jubileusz-800\/multimedia\/#breadcrumb\",\"itemListElement\":[{\"@type\":\"ListItem\",\"position\":1,\"name\":\"Strona g\u0142\u00f3wna\",\"item\":\"https:\/\/franciszkanie.pl\/\"},{\"@type\":\"ListItem\",\"position\":2,\"name\":\"Jubileusz 800\",\"item\":\"https:\/\/franciszkanie.pl\/jubileusz-800\/\"},{\"@type\":\"ListItem\",\"position\":3,\"name\":\"Artyku\u0142y i multimedia\"}]},{\"@type\":\"WebSite\",\"@id\":\"https:\/\/franciszkanie.pl\/#website\",\"url\":\"https:\/\/franciszkanie.pl\/\",\"name\":\"franciszkanie.pl\",\"description\":\"prowincja krakowska\",\"potentialAction\":[{\"@type\":\"SearchAction\",\"target\":{\"@type\":\"EntryPoint\",\"urlTemplate\":\"https:\/\/franciszkanie.pl\/?s={search_term_string}\"},\"query-input\":{\"@type\":\"PropertyValueSpecification\",\"valueRequired\":true,\"valueName\":\"search_term_string\"}}],\"inLanguage\":\"en-US\"}]}<\/script>\n<!-- \/ Yoast SEO Premium plugin. -->","yoast_head_json":{"title":"Artyku\u0142y i multimedia - franciszkanie","robots":{"index":"noindex","follow":"follow"},"og_locale":"en_US","og_type":"article","og_title":"Artyku\u0142y i multimedia","og_description":"Multimedia Jubileuszu 800 W tym miejscu publikujemy materia\u0142y multimedialne zwi\u0105zane z Jubileuszem 800-lecia \u015bmierci \u015bw. Franciszka z Asy\u017cu. Znajd\u0105 si\u0119 tu nagrania, zdj\u0119cia, relacje oraz inne tre\u015bci, kt\u00f3re dokumentuj\u0105 wydarzenia i pomagaj\u0105 wraca\u0107 do tego, co prze\u017cywamy w naszej Prowincji. Sekcja ta b\u0119dzie stopniowo uzupe\u0142niana o kolejne materia\u0142y pojawiaj\u0105ce si\u0119 w trakcie obchod\u00f3w Jubileuszu 800. [&hellip;]","og_url":"https:\/\/franciszkanie.pl\/jubileusz-800\/multimedia\/","og_site_name":"franciszkanie","article_publisher":"https:\/\/www.facebook.com\/franciszkaniekrakow\/","article_modified_time":"2026-03-04T10:45:25+00:00","twitter_card":"summary_large_image","twitter_misc":{"Est. reading time":"1 minute"},"schema":{"@context":"https:\/\/schema.org","@graph":[{"@type":"WebPage","@id":"https:\/\/franciszkanie.pl\/jubileusz-800\/multimedia\/","url":"https:\/\/franciszkanie.pl\/jubileusz-800\/multimedia\/","name":"Artyku\u0142y i multimedia - franciszkanie","isPartOf":{"@id":"https:\/\/franciszkanie.pl\/#website"},"datePublished":"2026-02-20T15:29:00+00:00","dateModified":"2026-03-04T10:45:25+00:00","breadcrumb":{"@id":"https:\/\/franciszkanie.pl\/jubileusz-800\/multimedia\/#breadcrumb"},"inLanguage":"en-US","potentialAction":[{"@type":"ReadAction","target":["https:\/\/franciszkanie.pl\/jubileusz-800\/multimedia\/"]}]},{"@type":"BreadcrumbList","@id":"https:\/\/franciszkanie.pl\/jubileusz-800\/multimedia\/#breadcrumb","itemListElement":[{"@type":"ListItem","position":1,"name":"Strona g\u0142\u00f3wna","item":"https:\/\/franciszkanie.pl\/"},{"@type":"ListItem","position":2,"name":"Jubileusz 800","item":"https:\/\/franciszkanie.pl\/jubileusz-800\/"},{"@type":"ListItem","position":3,"name":"Artyku\u0142y i multimedia"}]},{"@type":"WebSite","@id":"https:\/\/franciszkanie.pl\/#website","url":"https:\/\/franciszkanie.pl\/","name":"franciszkanie.pl","description":"prowincja krakowska","potentialAction":[{"@type":"SearchAction","target":{"@type":"EntryPoint","urlTemplate":"https:\/\/franciszkanie.pl\/?s={search_term_string}"},"query-input":{"@type":"PropertyValueSpecification","valueRequired":true,"valueName":"search_term_string"}}],"inLanguage":"en-US"}]}},"acf":[],"_links":{"self":[{"href":"https:\/\/franciszkanie.pl\/en\/wp-json\/wp\/v2\/pages\/40038","targetHints":{"allow":["GET"]}}],"collection":[{"href":"https:\/\/franciszkanie.pl\/en\/wp-json\/wp\/v2\/pages"}],"about":[{"href":"https:\/\/franciszkanie.pl\/en\/wp-json\/wp\/v2\/types\/page"}],"author":[{"embeddable":true,"href":"https:\/\/franciszkanie.pl\/en\/wp-json\/wp\/v2\/users\/8"}],"replies":[{"embeddable":true,"href":"https:\/\/franciszkanie.pl\/en\/wp-json\/wp\/v2\/comments?post=40038"}],"version-history":[{"count":19,"href":"https:\/\/franciszkanie.pl\/en\/wp-json\/wp\/v2\/pages\/40038\/revisions"}],"predecessor-version":[{"id":40539,"href":"https:\/\/franciszkanie.pl\/en\/wp-json\/wp\/v2\/pages\/40038\/revisions\/40539"}],"up":[{"embeddable":true,"href":"https:\/\/franciszkanie.pl\/en\/wp-json\/wp\/v2\/pages\/39984"}],"wp:attachment":[{"href":"https:\/\/franciszkanie.pl\/en\/wp-json\/wp\/v2\/media?parent=40038"}],"curies":[{"name":"wp","href":"https:\/\/api.w.org\/{rel}","templated":true}]}}