{"id":276,"date":"2022-07-01T13:28:57","date_gmt":"2022-07-01T11:28:57","guid":{"rendered":"https:\/\/franciszkanie.pl\/?page_id=276"},"modified":"2026-01-30T17:25:32","modified_gmt":"2026-01-30T16:25:32","slug":"prowincja","status":"publish","type":"page","link":"https:\/\/franciszkanie.pl\/es\/prowincja\/","title":{"rendered":"Prowincja"},"content":{"rendered":"\t\t<div data-elementor-type=\"wp-page\" data-elementor-id=\"276\" class=\"elementor elementor-276\" data-elementor-post-type=\"page\">\n\t\t\t\t\t\t<section class=\"elementor-section elementor-top-section elementor-element elementor-element-257e16b elementor-section-boxed elementor-section-height-default elementor-section-height-default\" data-id=\"257e16b\" data-element_type=\"section\">\n\t\t\t\t\t\t<div class=\"elementor-container elementor-column-gap-default\">\n\t\t\t\t\t<div class=\"elementor-column elementor-col-100 elementor-top-column elementor-element elementor-element-d0ec6b7\" data-id=\"d0ec6b7\" data-element_type=\"column\">\n\t\t\t<div class=\"elementor-widget-wrap elementor-element-populated\">\n\t\t\t\t\t\t<div class=\"elementor-element elementor-element-2f6e2db elementor-widget elementor-widget-heading\" data-id=\"2f6e2db\" data-element_type=\"widget\" data-widget_type=\"heading.default\">\n\t\t\t\t<div class=\"elementor-widget-container\">\n\t\t\t\t\t<h1 class=\"elementor-heading-title elementor-size-default\">Wydarzenia i aktualno\u015bci<\/h1>\t\t\t\t<\/div>\n\t\t\t\t<\/div>\n\t\t\t\t\t<\/div>\n\t\t<\/div>\n\t\t\t\t\t<\/div>\n\t\t<\/section>\n\t\t\t\t<section class=\"elementor-section elementor-top-section elementor-element elementor-element-b0103e6 elementor-section-boxed elementor-section-height-default elementor-section-height-default\" data-id=\"b0103e6\" data-element_type=\"section\">\n\t\t\t\t\t\t<div class=\"elementor-container elementor-column-gap-default\">\n\t\t\t\t\t<div class=\"elementor-column elementor-col-100 elementor-top-column elementor-element elementor-element-442fe58\" data-id=\"442fe58\" data-element_type=\"column\">\n\t\t\t<div class=\"elementor-widget-wrap elementor-element-populated\">\n\t\t\t\t\t\t<div class=\"elementor-element elementor-element-0dded29 elementor-widget elementor-widget-text-editor\" data-id=\"0dded29\" data-element_type=\"widget\" data-widget_type=\"text-editor.default\">\n\t\t\t\t<div class=\"elementor-widget-container\">\n\t\t\t\t\t\t\t\t\t<p>W tej cz\u0119\u015bci serwisu publikujemy aktualno\u015bci i wydarzenia z \u017cycia Krakowskiej Prowincji Franciszkan\u00f3w (OFMConv). Znajdziesz tu komunikaty, relacje z inicjatyw duszpasterskich, informacje o pos\u0142udze braci oraz zaproszenia na uroczysto\u015bci i spotkania. Je\u015bli szukasz informacji o strukturze Prowincji, sprawd\u017a: <span style=\"color: #c1322c;\"><a style=\"color: #c1322c;\" href=\"\/prowincja\/o-prowincji\/\"><strong data-start=\"2903\" data-end=\"2918\">O Prowincji<\/strong><\/a><\/span>, <span style=\"color: #c1322c;\"><a style=\"color: #c1322c;\" href=\"\/prowincja\/kuria-prowincjalna\/\"><strong data-start=\"2920\" data-end=\"2942\">Kuri\u0119 prowincjaln\u0105<\/strong><\/a><\/span>, <span style=\"color: #c1322c;\"><a style=\"color: #c1322c;\" href=\"\/prowincja\/klasztory-prowincji\/\"><strong data-start=\"2944\" data-end=\"2957\">Klasztory<\/strong><\/a><\/span>, <span style=\"color: #c1322c;\"><a style=\"color: #c1322c;\" href=\"\/prowincja\/misje\/\"><strong data-start=\"2959\" data-end=\"2968\">Misje<\/strong> <\/a><\/span>oraz <span style=\"color: #c1322c;\"><a style=\"color: #c1322c;\" href=\"\/prowincja\/dziela\/\"><strong data-start=\"2974\" data-end=\"2984\">Dzie\u0142a<\/strong><\/a><\/span>.<\/p>\t\t\t\t\t\t\t\t<\/div>\n\t\t\t\t<\/div>\n\t\t\t\t\t<\/div>\n\t\t<\/div>\n\t\t\t\t\t<\/div>\n\t\t<\/section>\n\t\t\t\t<section class=\"elementor-section elementor-top-section elementor-element elementor-element-70cffdef elementor-section-boxed elementor-section-height-default elementor-section-height-default\" data-id=\"70cffdef\" data-element_type=\"section\">\n\t\t\t\t\t\t<div class=\"elementor-container elementor-column-gap-default\">\n\t\t\t\t\t<div class=\"elementor-column elementor-col-100 elementor-top-column elementor-element elementor-element-60915d05\" data-id=\"60915d05\" data-element_type=\"column\">\n\t\t\t<div class=\"elementor-widget-wrap elementor-element-populated\">\n\t\t\t\t\t\t<div class=\"elementor-element elementor-element-4b82aec3 elementor-widget elementor-widget-news-widget\" data-id=\"4b82aec3\" data-element_type=\"widget\" data-widget_type=\"news-widget.default\">\n\t\t\t\t<div class=\"elementor-widget-container\">\n\t\t\t\t\t\n<section class=\"fr-news-widget\">\n    <div class=\"fr-news-header\">\n        <!-- <h1 class=\"fr-news-header__title fr-heading-1\">\n            wiadomo\u015bci\n        <\/h1> -->\n        \n<div class=\"fr-news-social-media\">\n\t\t\t\t\t\t<a href=\"https:\/\/www.facebook.com\/franciszkaniekrakow\" target=\"_blank\">\n\t\t\t\t<svg width=\"28\" height=\"28\" viewBox=\"0 0 28 28\" fill=\"none\" xmlns=\"http:\/\/www.w3.org\/2000\/svg\">\n<path d=\"M23.202 3.6377H4.64056C4.33288 3.6377 4.03781 3.75992 3.82025 3.97748C3.60269 4.19504 3.48047 4.49011 3.48047 4.79778V23.3592C3.48047 23.6669 3.60269 23.9619 3.82025 24.1795C4.03781 24.3971 4.33288 24.5193 4.64056 24.5193H14.6347V16.4451H11.9224V13.2838H14.6347V10.9636C14.6347 8.26644 16.282 6.79661 18.695 6.79661C19.5059 6.79429 20.318 6.83606 21.1254 6.92074V9.72816H19.4607C18.1521 9.72816 17.8969 10.3523 17.8969 11.2653V13.278H21.0256L20.6196 16.4393H17.8957V24.5193H23.202C23.5096 24.5193 23.8047 24.3971 24.0223 24.1795C24.2398 23.9619 24.362 23.6669 24.362 23.3592V4.79778C24.362 4.49011 24.2398 4.19504 24.0223 3.97748C23.8047 3.75992 23.5096 3.6377 23.202 3.6377Z\" fill=\"#181818\"\/>\n<\/svg>\n\t\t\t<\/a>\n\t\t\t\t\t\t\t\t\t\t<a href=\"\n\t\t\t\thttps:\/\/www.youtube.com\/user\/ZakonFranciszkanow\t\t\t\" target=\"_blank\">\n\t\t\t\t<svg width=\"29\" height=\"28\" viewBox=\"0 0 29 28\" fill=\"none\" xmlns=\"http:\/\/www.w3.org\/2000\/svg\">\n<path d=\"M28.2413 7.70511C28.0836 7.14273 27.7766 6.63359 27.3527 6.2318C26.9168 5.81765 26.3826 5.5214 25.8005 5.37101C23.6218 4.79677 14.8933 4.79677 14.8933 4.79677C11.2545 4.75537 7.61659 4.93746 4.0001 5.34201C3.41796 5.50351 2.88475 5.80638 2.4479 6.22368C2.01867 6.63667 1.70777 7.14595 1.54535 7.70395C1.15521 9.80573 0.965649 11.9398 0.979232 14.0775C0.965311 16.2132 1.1544 18.3466 1.54535 20.451C1.70429 21.0067 2.01403 21.5136 2.44442 21.9231C2.87481 22.3327 3.41078 22.6285 4.0001 22.7851C6.20775 23.3582 14.8933 23.3582 14.8933 23.3582C18.5368 23.3996 22.1793 23.2175 25.8005 22.8129C26.3826 22.6625 26.9168 22.3663 27.3527 21.9521C27.7819 21.5426 28.087 21.0334 28.2401 20.4788C28.6405 18.3779 28.8351 16.2429 28.8213 14.1042C28.8514 11.9564 28.657 9.81132 28.2413 7.70395V7.70511ZM12.1184 18.0496V10.1065L19.3805 14.0786L12.1184 18.0496Z\" fill=\"#181818\"\/>\n<\/svg>\n\t\t\t<\/a>\n\t\t\t\t\t\t\t<\/div>\n    <\/div>\n    \n\n    <div class=\"fr-news-multi-news\">\n                <div class=\"fr-news-multi-news__items\">\n            <div class=\"fr-news-multi-news__items--slides\">\n                \n            <\/div>\n            <div class=\"news-multi-news-skeleton\">\n                <div class=\"news-multi-news-skeleton-card\"><\/div>\n                <div class=\"news-multi-news-skeleton-card\"><\/div>\n                <div class=\"news-multi-news-skeleton-card\"><\/div>\n            <\/div>\n\n            \n        <\/div>\n\n\n    <\/div>\n<\/section>\n\t\t\t\t<\/div>\n\t\t\t\t<\/div>\n\t\t\t\t\t<\/div>\n\t\t<\/div>\n\t\t\t\t\t<\/div>\n\t\t<\/section>\n\t\t\t\t<section class=\"elementor-section elementor-top-section elementor-element elementor-element-ecd4401 elementor-section-boxed elementor-section-height-default elementor-section-height-default\" data-id=\"ecd4401\" data-element_type=\"section\">\n\t\t\t\t\t\t<div class=\"elementor-container elementor-column-gap-default\">\n\t\t\t\t\t<div class=\"elementor-column elementor-col-100 elementor-top-column elementor-element elementor-element-b4ea300\" data-id=\"b4ea300\" data-element_type=\"column\">\n\t\t\t<div class=\"elementor-widget-wrap elementor-element-populated\">\n\t\t\t\t\t\t<div class=\"elementor-element elementor-element-0150c64 elementor-widget elementor-widget-heading\" data-id=\"0150c64\" data-element_type=\"widget\" data-widget_type=\"heading.default\">\n\t\t\t\t<div class=\"elementor-widget-container\">\n\t\t\t\t\t<h2 class=\"elementor-heading-title elementor-size-default\">Poznaj Krakowsk\u0105 Prowincj\u0119 Franciszkan\u00f3w<\/h2>\t\t\t\t<\/div>\n\t\t\t\t<\/div>\n\t\t\t\t<div class=\"elementor-element elementor-element-b13c060 elementor-widget elementor-widget-links-list\" data-id=\"b13c060\" data-element_type=\"widget\" data-widget_type=\"links-list.default\">\n\t\t\t\t<div class=\"elementor-widget-container\">\n\t\t\t\t\t\n<div class=\"fr-elementor-links-list\">\n\t<div class=\"main-wrapper\">\n\t\t<h2 class=\"fr-heading-2 one\"><\/h2>\n\t\t<div class=\"links-wrapper one\">\n\t\t\t\n\t\t\t\t\t<a href=\"\/prowincja\/o-prowincji\/\" class=\"link paragraph\">\n\t\t\t\t\tO Krakowskiej Prowincji Franciszkan\u00f3w\n\t\t\t\t\t\t\n\t\t\t\t\t<\/a>\n\t\t\t\t\t\t\n\t\t\t\t\t<a href=\"\/prowincja\/powolania\/\" class=\"link paragraph\">\n\t\t\t\t\tPowo\u0142anie do Franciszkan\u00f3w\n\t\t\t\t\t\t\n\t\t\t\t\t<\/a>\n\t\t\t\t\t\t\n\t\t\t\t\t<a href=\"\/prowincja\/misje\/\" class=\"link paragraph\">\n\t\t\t\t\tMisje i dzia\u0142alno\u015b\u0107 misyjna\n\t\t\t\t\t\t\n\t\t\t\t\t<\/a>\n\t\t\t\t\t\t\n\t\t\t\t\t<a href=\"\/prowincja\/klasztory-prowincji\/\" class=\"link paragraph\">\n\t\t\t\t\tNasze klasztory \u2013 lista i adresy\n\t\t\t\t\t\t\n\t\t\t\t\t<\/a>\n\t\t\t\t\t\t\n\t\t\t\t\t<a href=\"\/prowincja\/kuria-prowincjalna\/\" class=\"link paragraph\">\n\t\t\t\t\tKuria prowincjalna \u2013 kontakt\n\t\t\t\t\t\t\n\t\t\t\t\t<\/a>\n\t\t\t\t\t\t\n\t\t\t\t\t<a href=\"\/prowincja\/ochrona-maloletnich\/\" class=\"link paragraph\">\n\t\t\t\t\tOchrona ma\u0142oletnich \u2013 procedury i zg\u0142oszenia\n\t\t\t\t\t\t\n\t\t\t\t\t<\/a>\n\t\t\t\t\t\t\t\t<\/div>\n\t<\/div>\n<\/div>\n\t\t\t\t<\/div>\n\t\t\t\t<\/div>\n\t\t\t\t\t<\/div>\n\t\t<\/div>\n\t\t\t\t\t<\/div>\n\t\t<\/section>\n\t\t\t\t<\/div>\n\t\t","protected":false},"excerpt":{"rendered":"<p>Wydarzenia i aktualno\u015bci W tej cz\u0119\u015bci serwisu publikujemy aktualno\u015bci i wydarzenia z \u017cycia Krakowskiej Prowincji Franciszkan\u00f3w (OFMConv). Znajdziesz tu komunikaty, relacje z inicjatyw duszpasterskich, informacje o pos\u0142udze braci oraz zaproszenia na uroczysto\u015bci i spotkania. Je\u015bli szukasz informacji o strukturze Prowincji, sprawd\u017a: O Prowincji, Kuri\u0119 prowincjaln\u0105, Klasztory, Misje oraz Dzie\u0142a. polska prowincja 11. Mi\u0119dzynarodowy Festiwal Kol\u0119d [&hellip;]<\/p>\n","protected":false},"author":14,"featured_media":0,"parent":0,"menu_order":0,"comment_status":"closed","ping_status":"closed","template":"page-templates\/sidebar-header.php","meta":{"footnotes":""},"class_list":["post-276","page","type-page","status-publish","hentry"],"yoast_head":"<!-- This site is optimized with the Yoast SEO Premium plugin v24.4 (Yoast SEO v24.4) - https:\/\/yoast.com\/wordpress\/plugins\/seo\/ -->\n<title>Aktualno\u015bci i wydarzenia | Krakowska Prowincja Franciszkan\u00f3w<\/title>\n<meta name=\"description\" content=\"B\u0105d\u017a na bie\u017c\u0105co z najnowszymi wydarzeniami i inicjatywami krakowskiej prowincji franciszkan\u00f3w . Sprawd\u017a aktualno\u015bci, relacje i wa\u017cne informacje z \u017cycia braci.\" \/>\n<meta name=\"robots\" content=\"index, follow, max-snippet:-1, max-image-preview:large, max-video-preview:-1\" \/>\n<link rel=\"canonical\" href=\"https:\/\/franciszkanie.pl\/prowincja\/\" \/>\n<meta property=\"og:locale\" content=\"es_ES\" \/>\n<meta property=\"og:type\" content=\"article\" \/>\n<meta property=\"og:title\" content=\"Prowincja\" \/>\n<meta property=\"og:description\" content=\"B\u0105d\u017a na bie\u017c\u0105co z najnowszymi wydarzeniami i inicjatywami krakowskiej prowincji franciszkan\u00f3w . Sprawd\u017a aktualno\u015bci, relacje i wa\u017cne informacje z \u017cycia braci.\" \/>\n<meta property=\"og:url\" content=\"https:\/\/franciszkanie.pl\/prowincja\/\" \/>\n<meta property=\"og:site_name\" content=\"franciszkanie\" \/>\n<meta property=\"article:publisher\" content=\"https:\/\/www.facebook.com\/franciszkaniekrakow\/\" \/>\n<meta property=\"article:modified_time\" content=\"2026-01-30T16:25:32+00:00\" \/>\n<meta property=\"og:image\" content=\"https:\/\/franciszkanie.pl\/wp-content\/uploads\/2026\/01\/11-miedzynarodowy-festiwal-koled-i-pastoralek-kalwaria-paclawska-zespol-ludowy.webp\" \/>\n<meta name=\"twitter:card\" content=\"summary_large_image\" \/>\n<meta name=\"twitter:label1\" content=\"Tiempo de lectura\" \/>\n\t<meta name=\"twitter:data1\" content=\"2 minutos\" \/>\n<script type=\"application\/ld+json\" class=\"yoast-schema-graph\">{\"@context\":\"https:\/\/schema.org\",\"@graph\":[{\"@type\":\"WebPage\",\"@id\":\"https:\/\/franciszkanie.pl\/prowincja\/\",\"url\":\"https:\/\/franciszkanie.pl\/prowincja\/\",\"name\":\"Aktualno\u015bci i wydarzenia | Krakowska Prowincja Franciszkan\u00f3w\",\"isPartOf\":{\"@id\":\"https:\/\/franciszkanie.pl\/#website\"},\"primaryImageOfPage\":{\"@id\":\"https:\/\/franciszkanie.pl\/prowincja\/#primaryimage\"},\"image\":{\"@id\":\"https:\/\/franciszkanie.pl\/prowincja\/#primaryimage\"},\"thumbnailUrl\":\"https:\/\/franciszkanie.pl\/wp-content\/uploads\/2026\/01\/11-miedzynarodowy-festiwal-koled-i-pastoralek-kalwaria-paclawska-zespol-ludowy.webp\",\"datePublished\":\"2022-07-01T11:28:57+00:00\",\"dateModified\":\"2026-01-30T16:25:32+00:00\",\"description\":\"B\u0105d\u017a na bie\u017c\u0105co z najnowszymi wydarzeniami i inicjatywami krakowskiej prowincji franciszkan\u00f3w . Sprawd\u017a aktualno\u015bci, relacje i wa\u017cne informacje z \u017cycia braci.\",\"breadcrumb\":{\"@id\":\"https:\/\/franciszkanie.pl\/prowincja\/#breadcrumb\"},\"inLanguage\":\"es\",\"potentialAction\":[{\"@type\":\"ReadAction\",\"target\":[\"https:\/\/franciszkanie.pl\/prowincja\/\"]}]},{\"@type\":\"ImageObject\",\"inLanguage\":\"es\",\"@id\":\"https:\/\/franciszkanie.pl\/prowincja\/#primaryimage\",\"url\":\"https:\/\/franciszkanie.pl\/wp-content\/uploads\/2026\/01\/11-miedzynarodowy-festiwal-koled-i-pastoralek-kalwaria-paclawska-zespol-ludowy.webp\",\"contentUrl\":\"https:\/\/franciszkanie.pl\/wp-content\/uploads\/2026\/01\/11-miedzynarodowy-festiwal-koled-i-pastoralek-kalwaria-paclawska-zespol-ludowy.webp\"},{\"@type\":\"BreadcrumbList\",\"@id\":\"https:\/\/franciszkanie.pl\/prowincja\/#breadcrumb\",\"itemListElement\":[{\"@type\":\"ListItem\",\"position\":1,\"name\":\"Strona g\u0142\u00f3wna\",\"item\":\"https:\/\/franciszkanie.pl\/\"},{\"@type\":\"ListItem\",\"position\":2,\"name\":\"Prowincja\"}]},{\"@type\":\"WebSite\",\"@id\":\"https:\/\/franciszkanie.pl\/#website\",\"url\":\"https:\/\/franciszkanie.pl\/\",\"name\":\"franciszkanie.pl\",\"description\":\"prowincja krakowska\",\"potentialAction\":[{\"@type\":\"SearchAction\",\"target\":{\"@type\":\"EntryPoint\",\"urlTemplate\":\"https:\/\/franciszkanie.pl\/?s={search_term_string}\"},\"query-input\":{\"@type\":\"PropertyValueSpecification\",\"valueRequired\":true,\"valueName\":\"search_term_string\"}}],\"inLanguage\":\"es\"}]}<\/script>\n<!-- \/ Yoast SEO Premium plugin. -->","yoast_head_json":{"title":"Aktualno\u015bci i wydarzenia | Krakowska Prowincja Franciszkan\u00f3w","description":"B\u0105d\u017a na bie\u017c\u0105co z najnowszymi wydarzeniami i inicjatywami krakowskiej prowincji franciszkan\u00f3w . Sprawd\u017a aktualno\u015bci, relacje i wa\u017cne informacje z \u017cycia braci.","robots":{"index":"index","follow":"follow","max-snippet":"max-snippet:-1","max-image-preview":"max-image-preview:large","max-video-preview":"max-video-preview:-1"},"canonical":"https:\/\/franciszkanie.pl\/prowincja\/","og_locale":"es_ES","og_type":"article","og_title":"Prowincja","og_description":"B\u0105d\u017a na bie\u017c\u0105co z najnowszymi wydarzeniami i inicjatywami krakowskiej prowincji franciszkan\u00f3w . Sprawd\u017a aktualno\u015bci, relacje i wa\u017cne informacje z \u017cycia braci.","og_url":"https:\/\/franciszkanie.pl\/prowincja\/","og_site_name":"franciszkanie","article_publisher":"https:\/\/www.facebook.com\/franciszkaniekrakow\/","article_modified_time":"2026-01-30T16:25:32+00:00","og_image":[{"url":"https:\/\/franciszkanie.pl\/wp-content\/uploads\/2026\/01\/11-miedzynarodowy-festiwal-koled-i-pastoralek-kalwaria-paclawska-zespol-ludowy.webp","type":"","width":"","height":""}],"twitter_card":"summary_large_image","twitter_misc":{"Tiempo de lectura":"2 minutos"},"schema":{"@context":"https:\/\/schema.org","@graph":[{"@type":"WebPage","@id":"https:\/\/franciszkanie.pl\/prowincja\/","url":"https:\/\/franciszkanie.pl\/prowincja\/","name":"Aktualno\u015bci i wydarzenia | Krakowska Prowincja Franciszkan\u00f3w","isPartOf":{"@id":"https:\/\/franciszkanie.pl\/#website"},"primaryImageOfPage":{"@id":"https:\/\/franciszkanie.pl\/prowincja\/#primaryimage"},"image":{"@id":"https:\/\/franciszkanie.pl\/prowincja\/#primaryimage"},"thumbnailUrl":"https:\/\/franciszkanie.pl\/wp-content\/uploads\/2026\/01\/11-miedzynarodowy-festiwal-koled-i-pastoralek-kalwaria-paclawska-zespol-ludowy.webp","datePublished":"2022-07-01T11:28:57+00:00","dateModified":"2026-01-30T16:25:32+00:00","description":"B\u0105d\u017a na bie\u017c\u0105co z najnowszymi wydarzeniami i inicjatywami krakowskiej prowincji franciszkan\u00f3w . Sprawd\u017a aktualno\u015bci, relacje i wa\u017cne informacje z \u017cycia braci.","breadcrumb":{"@id":"https:\/\/franciszkanie.pl\/prowincja\/#breadcrumb"},"inLanguage":"es","potentialAction":[{"@type":"ReadAction","target":["https:\/\/franciszkanie.pl\/prowincja\/"]}]},{"@type":"ImageObject","inLanguage":"es","@id":"https:\/\/franciszkanie.pl\/prowincja\/#primaryimage","url":"https:\/\/franciszkanie.pl\/wp-content\/uploads\/2026\/01\/11-miedzynarodowy-festiwal-koled-i-pastoralek-kalwaria-paclawska-zespol-ludowy.webp","contentUrl":"https:\/\/franciszkanie.pl\/wp-content\/uploads\/2026\/01\/11-miedzynarodowy-festiwal-koled-i-pastoralek-kalwaria-paclawska-zespol-ludowy.webp"},{"@type":"BreadcrumbList","@id":"https:\/\/franciszkanie.pl\/prowincja\/#breadcrumb","itemListElement":[{"@type":"ListItem","position":1,"name":"Strona g\u0142\u00f3wna","item":"https:\/\/franciszkanie.pl\/"},{"@type":"ListItem","position":2,"name":"Prowincja"}]},{"@type":"WebSite","@id":"https:\/\/franciszkanie.pl\/#website","url":"https:\/\/franciszkanie.pl\/","name":"franciszkanie.pl","description":"prowincja krakowska","potentialAction":[{"@type":"SearchAction","target":{"@type":"EntryPoint","urlTemplate":"https:\/\/franciszkanie.pl\/?s={search_term_string}"},"query-input":{"@type":"PropertyValueSpecification","valueRequired":true,"valueName":"search_term_string"}}],"inLanguage":"es"}]}},"acf":[],"_links":{"self":[{"href":"https:\/\/franciszkanie.pl\/es\/wp-json\/wp\/v2\/pages\/276","targetHints":{"allow":["GET"]}}],"collection":[{"href":"https:\/\/franciszkanie.pl\/es\/wp-json\/wp\/v2\/pages"}],"about":[{"href":"https:\/\/franciszkanie.pl\/es\/wp-json\/wp\/v2\/types\/page"}],"author":[{"embeddable":true,"href":"https:\/\/franciszkanie.pl\/es\/wp-json\/wp\/v2\/users\/14"}],"replies":[{"embeddable":true,"href":"https:\/\/franciszkanie.pl\/es\/wp-json\/wp\/v2\/comments?post=276"}],"version-history":[{"count":343,"href":"https:\/\/franciszkanie.pl\/es\/wp-json\/wp\/v2\/pages\/276\/revisions"}],"predecessor-version":[{"id":39174,"href":"https:\/\/franciszkanie.pl\/es\/wp-json\/wp\/v2\/pages\/276\/revisions\/39174"}],"wp:attachment":[{"href":"https:\/\/franciszkanie.pl\/es\/wp-json\/wp\/v2\/media?parent=276"}],"curies":[{"name":"wp","href":"https:\/\/api.w.org\/{rel}","templated":true}]}}