{"id":811,"date":"2022-07-12T22:25:15","date_gmt":"2022-07-12T20:25:15","guid":{"rendered":"https:\/\/franciszkanie.pl\/?page_id=811"},"modified":"2026-01-31T09:25:48","modified_gmt":"2026-01-31T08:25:48","slug":"ochrona-maloletnich","status":"publish","type":"page","link":"https:\/\/franciszkanie.pl\/es\/prowincja\/ochrona-maloletnich\/","title":{"rendered":"Ochrona ma\u0142oletnich"},"content":{"rendered":"\t\t<div data-elementor-type=\"wp-page\" data-elementor-id=\"811\" class=\"elementor elementor-811\" data-elementor-post-type=\"page\">\n\t\t\t\t\t\t<section class=\"elementor-section elementor-top-section elementor-element elementor-element-c6a0ad5 elementor-section-boxed elementor-section-height-default elementor-section-height-default\" data-id=\"c6a0ad5\" data-element_type=\"section\">\n\t\t\t\t\t\t<div class=\"elementor-container elementor-column-gap-default\">\n\t\t\t\t\t<div class=\"elementor-column elementor-col-100 elementor-top-column elementor-element elementor-element-78d59cc\" data-id=\"78d59cc\" data-element_type=\"column\">\n\t\t\t<div class=\"elementor-widget-wrap elementor-element-populated\">\n\t\t\t\t\t\t<div class=\"elementor-element elementor-element-d18e906 elementor-widget elementor-widget-heading\" data-id=\"d18e906\" data-element_type=\"widget\" data-widget_type=\"heading.default\">\n\t\t\t\t<div class=\"elementor-widget-container\">\n\t\t\t\t\t<h1 class=\"elementor-heading-title elementor-size-default\">Ochrona ma\u0142oletnich<\/h1>\t\t\t\t<\/div>\n\t\t\t\t<\/div>\n\t\t\t\t\t<\/div>\n\t\t<\/div>\n\t\t\t\t\t<\/div>\n\t\t<\/section>\n\t\t\t\t<section class=\"elementor-section elementor-top-section elementor-element elementor-element-37c87bb elementor-section-boxed elementor-section-height-default elementor-section-height-default\" data-id=\"37c87bb\" data-element_type=\"section\">\n\t\t\t\t\t\t<div class=\"elementor-container elementor-column-gap-default\">\n\t\t\t\t\t<div class=\"elementor-column elementor-col-100 elementor-top-column elementor-element elementor-element-d536117\" data-id=\"d536117\" data-element_type=\"column\">\n\t\t\t<div class=\"elementor-widget-wrap elementor-element-populated\">\n\t\t\t\t\t\t<div class=\"elementor-element elementor-element-9514a71 elementor-widget elementor-widget-text-editor\" data-id=\"9514a71\" data-element_type=\"widget\" data-widget_type=\"text-editor.default\">\n\t\t\t\t<div class=\"elementor-widget-container\">\n\t\t\t\t\t\t\t\t\t<p>Ze wzgl\u0119du na wra\u017cliwo\u015b\u0107 zwi\u0105zan\u0105 z wiekiem rozwojowym ma\u0142oletni wymagaj\u0105 szczeg\u00f3lnej ochrony ze strony os\u00f3b i instytucji, kt\u00f3rym s\u0105 powierzeni.<\/p>\t\t\t\t\t\t\t\t<\/div>\n\t\t\t\t<\/div>\n\t\t\t\t\t<\/div>\n\t\t<\/div>\n\t\t\t\t\t<\/div>\n\t\t<\/section>\n\t\t\t\t<section class=\"elementor-section elementor-top-section elementor-element elementor-element-60c0a9c elementor-section-boxed elementor-section-height-default elementor-section-height-default\" data-id=\"60c0a9c\" data-element_type=\"section\">\n\t\t\t\t\t\t<div class=\"elementor-container elementor-column-gap-default\">\n\t\t\t\t\t<div class=\"elementor-column elementor-col-100 elementor-top-column elementor-element elementor-element-768ad82\" data-id=\"768ad82\" data-element_type=\"column\">\n\t\t\t<div class=\"elementor-widget-wrap elementor-element-populated\">\n\t\t\t\t\t\t<div class=\"elementor-element elementor-element-38ee6a4 elementor-widget elementor-widget-heading\" data-id=\"38ee6a4\" data-element_type=\"widget\" data-widget_type=\"heading.default\">\n\t\t\t\t<div class=\"elementor-widget-container\">\n\t\t\t\t\t<h2 class=\"elementor-heading-title elementor-size-default\">Wytyczne i normy s\u0142u\u017c\u0105ce ochronie ma\u0142oletnich w praktyce duszpasterskiej i wychowawczej<\/h2>\t\t\t\t<\/div>\n\t\t\t\t<\/div>\n\t\t\t\t\t<\/div>\n\t\t<\/div>\n\t\t\t\t\t<\/div>\n\t\t<\/section>\n\t\t\t\t<section class=\"elementor-section elementor-top-section elementor-element elementor-element-8504956 elementor-section-boxed elementor-section-height-default elementor-section-height-default\" data-id=\"8504956\" data-element_type=\"section\">\n\t\t\t\t\t\t<div class=\"elementor-container elementor-column-gap-default\">\n\t\t\t\t\t<div class=\"elementor-column elementor-col-100 elementor-top-column elementor-element elementor-element-1fb103a\" data-id=\"1fb103a\" data-element_type=\"column\">\n\t\t\t<div class=\"elementor-widget-wrap elementor-element-populated\">\n\t\t\t\t\t\t<div class=\"elementor-element elementor-element-dd3e228 elementor-widget elementor-widget-text-editor\" data-id=\"dd3e228\" data-element_type=\"widget\" data-widget_type=\"text-editor.default\">\n\t\t\t\t<div class=\"elementor-widget-container\">\n\t\t\t\t\t\t\t\t\t<p>Niniejszy dokument ma na celu propagowa\u0107 zachowania zapobiegaj\u0105ce r\u00f3\u017cnym formom przemocy wobec dzieci i m\u0142odzie\u017cy.<\/p>\t\t\t\t\t\t\t\t<\/div>\n\t\t\t\t<\/div>\n\t\t\t\t<div class=\"elementor-element elementor-element-3a08409 elementor-widget elementor-widget-text-editor\" data-id=\"3a08409\" data-element_type=\"widget\" data-widget_type=\"text-editor.default\">\n\t\t\t\t<div class=\"elementor-widget-container\">\n\t\t\t\t\t\t\t\t\t<p>Stosowanie regu\u0142 opracowanych w tym dokumencie przyczyni si\u0119 do nawi\u0105zywania i rozwijania klarownych i bezpiecznych relacji z ma\u0142oletnimi, a zarazem b\u0119dzie chroni\u0142o duszpasterzy i wychowawc\u00f3w w sytuacjach nies\u0142usznych oskar\u017ce\u0144.<\/p>\t\t\t\t\t\t\t\t<\/div>\n\t\t\t\t<\/div>\n\t\t\t\t<div class=\"elementor-element elementor-element-a719ea8 elementor-widget elementor-widget-text-editor\" data-id=\"a719ea8\" data-element_type=\"widget\" data-widget_type=\"text-editor.default\">\n\t\t\t\t<div class=\"elementor-widget-container\">\n\t\t\t\t\t\t\t\t\t<p>Sposoby post\u0119powania przedstawione w tym dokumencie, cho\u0107 dotycz\u0105 kontaktu z dzie\u0107mi i m\u0142odzie\u017c\u0105, mog\u0105 by\u0107 pomocne tak\u017ce w budowaniu zdrowych i przejrzystych relacji z osobami doros\u0142ymi.<\/p>\t\t\t\t\t\t\t\t<\/div>\n\t\t\t\t<\/div>\n\t\t\t\t<div class=\"elementor-element elementor-element-53b3341 elementor-widget elementor-widget-text-editor\" data-id=\"53b3341\" data-element_type=\"widget\" data-widget_type=\"text-editor.default\">\n\t\t\t\t<div class=\"elementor-widget-container\">\n\t\t\t\t\t\t\t\t\t<p>Dokument wzoruje si\u0119 na regulacjach w dziedzinie ochrony dzieci i m\u0142odzie\u017cy sformu\u0142owanych przez inne wsp\u00f3lnoty zakonne w Polsce, uwzgl\u0119dnia wskazania Konferencji Episkopatu Polski oraz przepisy prawa kanonicznego, pa\u0144stwowego i zakonnego.<\/p>\t\t\t\t\t\t\t\t<\/div>\n\t\t\t\t<\/div>\n\t\t\t\t<div class=\"elementor-element elementor-element-6197892 elementor-widget elementor-widget-text-editor\" data-id=\"6197892\" data-element_type=\"widget\" data-widget_type=\"text-editor.default\">\n\t\t\t\t<div class=\"elementor-widget-container\">\n\t\t\t\t\t\t\t\t\t<p>Wytyczne i normy przeznaczone s\u0105 do stosowania przez cz\u0142onk\u00f3w i wsp\u00f3\u0142pracownik\u00f3w Prowincji \u015bw. Antoniego i b\u0142. Jakuba Strzemi\u0119 Zakonu Braci Mniejszych Konwentualnych (Franciszkan\u00f3w), zwanych te\u017c dalej wychowawcami lub opiekunami.<\/p>\t\t\t\t\t\t\t\t<\/div>\n\t\t\t\t<\/div>\n\t\t\t\t<div class=\"elementor-element elementor-element-2a5bcc3 elementor-widget elementor-widget-text-editor\" data-id=\"2a5bcc3\" data-element_type=\"widget\" data-widget_type=\"text-editor.default\">\n\t\t\t\t<div class=\"elementor-widget-container\">\n\t\t\t\t\t\t\t\t\t<p>Dokument ten nie znosi wymaga\u0144 zawartych w innych przepisach prawnych, regulaminach i kodeksach etycznych, kt\u00f3rym podlegaj\u0105 cz\u0142onkowie Prowincji oraz ich wsp\u00f3\u0142pracownicy na podstawie zawartych um\u00f3w \u2013 w kontek\u015bcie danego kraju.<\/p>\t\t\t\t\t\t\t\t<\/div>\n\t\t\t\t<\/div>\n\t\t\t\t\t<\/div>\n\t\t<\/div>\n\t\t\t\t\t<\/div>\n\t\t<\/section>\n\t\t\t\t<section class=\"elementor-section elementor-top-section elementor-element elementor-element-f5a2408 elementor-section-boxed elementor-section-height-default elementor-section-height-default\" data-id=\"f5a2408\" data-element_type=\"section\">\n\t\t\t\t\t\t<div class=\"elementor-container elementor-column-gap-default\">\n\t\t\t\t\t<div class=\"elementor-column elementor-col-100 elementor-top-column elementor-element elementor-element-bc21854\" data-id=\"bc21854\" data-element_type=\"column\">\n\t\t\t<div class=\"elementor-widget-wrap elementor-element-populated\">\n\t\t\t\t\t\t<div class=\"elementor-element elementor-element-b4664cc elementor-widget elementor-widget-button\" data-id=\"b4664cc\" data-element_type=\"widget\" data-widget_type=\"button.default\">\n\t\t\t\t<div class=\"elementor-widget-container\">\n\t\t\t\t\t\t\t\t\t<div class=\"elementor-button-wrapper\">\n\t\t\t\t\t<a class=\"elementor-button elementor-button-link elementor-size-md\" href=\"https:\/\/franciszkanie.pl\/wp-content\/uploads\/2024\/09\/OCHRONA-MALOLETNICH-W-PRAKTYCE-DUSZPASTERSKIEJ-I-WYCHOWAWCZEJ.pdf\" target=\"_blank\">\n\t\t\t\t\t\t<span class=\"elementor-button-content-wrapper\">\n\t\t\t\t\t\t<span class=\"elementor-button-icon\">\n\t\t\t\t<svg xmlns=\"http:\/\/www.w3.org\/2000\/svg\" width=\"9\" height=\"13\" viewBox=\"0 0 9 13\" fill=\"none\"><path d=\"M8.62569 11.7493C8.7194 11.7491 8.80978 11.784 8.87903 11.8471C8.94828 11.9103 8.99138 11.997 8.99985 12.0904C9.00832 12.1837 8.98153 12.2768 8.92478 12.3514C8.86802 12.4259 8.7854 12.4766 8.69319 12.4932L8.62569 12.4993H0.375691C0.281982 12.4994 0.191603 12.4645 0.122354 12.4014C0.0531039 12.3382 0.0100018 12.2515 0.00153468 12.1581C-0.00693243 12.0648 0.0198491 11.9717 0.0766058 11.8971C0.133362 11.8226 0.21598 11.7719 0.308191 11.7552L0.375691 11.7493H8.62569ZM4.50069 0.5C4.58846 0.499971 4.67346 0.530729 4.74089 0.586917C4.80831 0.643105 4.85389 0.721165 4.86969 0.8075L4.87569 0.875L4.87269 9.7205L7.60644 6.9845C7.6684 6.92226 7.75023 6.88375 7.83767 6.87566C7.92511 6.86757 8.01262 6.89043 8.08494 6.94025L8.13744 6.98375C8.19956 7.0458 8.23794 7.12768 8.24589 7.21512C8.25384 7.30256 8.23085 7.39002 8.18094 7.46225L8.13744 7.51475L4.76844 10.8897C4.7162 10.9419 4.64964 10.9774 4.57719 10.9918L4.49769 10.9992C4.44048 10.9992 4.38405 10.9861 4.3327 10.9608C4.28135 10.9356 4.23645 10.899 4.20144 10.8538L0.858691 7.51475C0.791995 7.44873 0.752474 7.36011 0.747934 7.26638C0.743393 7.17264 0.774162 7.08061 0.834165 7.00846C0.894168 6.9363 0.979044 6.88927 1.07203 6.87664C1.16502 6.86401 1.25937 6.88671 1.33644 6.94025L1.38894 6.98375L4.12269 9.7145L4.12569 0.87575C4.12559 0.826441 4.13522 0.777597 4.15402 0.732013C4.17282 0.68643 4.20043 0.645002 4.23526 0.6101C4.27009 0.575199 4.31147 0.547509 4.35701 0.528617C4.40256 0.509724 4.45138 0.5 4.50069 0.5Z\" fill=\"white\"><\/path><\/svg>\t\t\t<\/span>\n\t\t\t\t\t\t\t\t\t<span class=\"elementor-button-text\">pobierz pdf<\/span>\n\t\t\t\t\t<\/span>\n\t\t\t\t\t<\/a>\n\t\t\t\t<\/div>\n\t\t\t\t\t\t\t\t<\/div>\n\t\t\t\t<\/div>\n\t\t\t\t\t<\/div>\n\t\t<\/div>\n\t\t\t\t\t<\/div>\n\t\t<\/section>\n\t\t\t\t<section class=\"elementor-section elementor-top-section elementor-element elementor-element-fcb451e elementor-section-boxed elementor-section-height-default elementor-section-height-default\" data-id=\"fcb451e\" data-element_type=\"section\">\n\t\t\t\t\t\t<div class=\"elementor-container elementor-column-gap-default\">\n\t\t\t\t\t<div class=\"elementor-column elementor-col-100 elementor-top-column elementor-element elementor-element-aa6e896\" data-id=\"aa6e896\" data-element_type=\"column\">\n\t\t\t<div class=\"elementor-widget-wrap elementor-element-populated\">\n\t\t\t\t\t\t<div class=\"elementor-element elementor-element-ebd9f5c elementor-widget elementor-widget-heading\" data-id=\"ebd9f5c\" data-element_type=\"widget\" data-widget_type=\"heading.default\">\n\t\t\t\t<div class=\"elementor-widget-container\">\n\t\t\t\t\t<h2 class=\"elementor-heading-title elementor-size-default\">Delegat Prowincja\u0142a ds. ochrony dzieci i m\u0142odzie\u017cy w Prowincji \u015bw. Antoniego i b\u0142. Jakuba Strzemi\u0119 Zakonu Braci Mniejszych Konwentualnych (Franciszkan\u00f3w)<\/h2>\t\t\t\t<\/div>\n\t\t\t\t<\/div>\n\t\t\t\t\t<\/div>\n\t\t<\/div>\n\t\t\t\t\t<\/div>\n\t\t<\/section>\n\t\t\t\t<section class=\"elementor-section elementor-top-section elementor-element elementor-element-e58a632 elementor-section-boxed elementor-section-height-default elementor-section-height-default\" data-id=\"e58a632\" data-element_type=\"section\" data-settings=\"{&quot;background_background&quot;:&quot;classic&quot;}\">\n\t\t\t\t\t\t<div class=\"elementor-container elementor-column-gap-default\">\n\t\t\t\t\t<div class=\"elementor-column elementor-col-50 elementor-top-column elementor-element elementor-element-30b962e\" data-id=\"30b962e\" data-element_type=\"column\">\n\t\t\t<div class=\"elementor-widget-wrap elementor-element-populated\">\n\t\t\t\t\t\t<div class=\"elementor-element elementor-element-6d944b3 elementor-widget elementor-widget-heading\" data-id=\"6d944b3\" data-element_type=\"widget\" data-widget_type=\"heading.default\">\n\t\t\t\t<div class=\"elementor-widget-container\">\n\t\t\t\t\t<h2 class=\"elementor-heading-title elementor-size-default\">o. Rafa\u0142 Bendkowski<\/h2>\t\t\t\t<\/div>\n\t\t\t\t<\/div>\n\t\t\t\t<div class=\"elementor-element elementor-element-f492131 elementor-widget elementor-widget-text-editor\" data-id=\"f492131\" data-element_type=\"widget\" data-widget_type=\"text-editor.default\">\n\t\t\t\t<div class=\"elementor-widget-container\">\n\t\t\t\t\t\t\t\t\t<p>ul. Franciszka\u0144ska 4, 31-004 Krak\u00f3w<\/p><p>e-mail: ochrona@franciszkanie.pl<\/p><p>tel. +48 12 422 71 15 w. 110<\/p>\t\t\t\t\t\t\t\t<\/div>\n\t\t\t\t<\/div>\n\t\t\t\t\t<\/div>\n\t\t<\/div>\n\t\t\t\t<div class=\"elementor-column elementor-col-50 elementor-top-column elementor-element elementor-element-b3cc2d2\" data-id=\"b3cc2d2\" data-element_type=\"column\">\n\t\t\t<div class=\"elementor-widget-wrap elementor-element-populated\">\n\t\t\t\t\t\t<div class=\"elementor-element elementor-element-605829f elementor-widget elementor-widget-image\" data-id=\"605829f\" data-element_type=\"widget\" data-widget_type=\"image.default\">\n\t\t\t\t<div class=\"elementor-widget-container\">\n\t\t\t\t\t\t\t\t\t\t\t\t\t\t\t<img decoding=\"async\" src=\"https:\/\/franciszkanie.pl\/wp-content\/uploads\/2022\/10\/OCHRONA-MALOLETNICH-delegat_2.jpg\" title=\"\" alt=\"\" loading=\"lazy\" \/>\t\t\t\t\t\t\t\t\t\t\t\t\t\t\t<\/div>\n\t\t\t\t<\/div>\n\t\t\t\t\t<\/div>\n\t\t<\/div>\n\t\t\t\t\t<\/div>\n\t\t<\/section>\n\t\t\t\t<section class=\"elementor-section elementor-top-section elementor-element elementor-element-ec8c8f2 elementor-section-boxed elementor-section-height-default elementor-section-height-default\" data-id=\"ec8c8f2\" data-element_type=\"section\">\n\t\t\t\t\t\t<div class=\"elementor-container elementor-column-gap-default\">\n\t\t\t\t\t<div class=\"elementor-column elementor-col-100 elementor-top-column elementor-element elementor-element-b5a5d01\" data-id=\"b5a5d01\" data-element_type=\"column\">\n\t\t\t<div class=\"elementor-widget-wrap elementor-element-populated\">\n\t\t\t\t\t\t<div class=\"elementor-element elementor-element-af997d5 elementor-widget elementor-widget-heading\" data-id=\"af997d5\" data-element_type=\"widget\" data-widget_type=\"heading.default\">\n\t\t\t\t<div class=\"elementor-widget-container\">\n\t\t\t\t\t<h2 class=\"elementor-heading-title elementor-size-default\">Zobacz tak\u017ce<\/h2>\t\t\t\t<\/div>\n\t\t\t\t<\/div>\n\t\t\t\t<div class=\"elementor-element elementor-element-110ef67 elementor-widget elementor-widget-links-list\" data-id=\"110ef67\" data-element_type=\"widget\" data-widget_type=\"links-list.default\">\n\t\t\t\t<div class=\"elementor-widget-container\">\n\t\t\t\t\t\n<div class=\"fr-elementor-links-list\">\n\t<div class=\"main-wrapper\">\n\t\t<h2 class=\"fr-heading-2 one\"><\/h2>\n\t\t<div class=\"links-wrapper one\">\n\t\t\t\n\t\t\t\t\t<a href=\"https:\/\/cod.ignatianum.edu.pl\/\" class=\"link paragraph\"target=\u201d_blank\u201d>\n\t\t\t\t\tCentrum Ochrony Dziecka przy Akademii Ignatianum w Krakowie\n\t\t\t\t\t\t<span class=\"external-arrow\">\n\t<svg width=\"17\" height=\"9\" viewBox=\"0 0 17 9\" fill=\"none\" xmlns=\"http:\/\/www.w3.org\/2000\/svg\">\n<path d=\"M16.7132 4.85355C16.9084 4.65829 16.9084 4.34171 16.7132 4.14645L13.5312 0.964467C13.3359 0.769205 13.0193 0.769205 12.8241 0.964467C12.6288 1.15973 12.6288 1.47631 12.8241 1.67157L15.6525 4.5L12.8241 7.32843C12.6288 7.52369 12.6288 7.84027 12.8241 8.03553C13.0193 8.2308 13.3359 8.2308 13.5312 8.03554L16.7132 4.85355ZM0.359619 5L16.3596 5L16.3596 4L0.359619 4L0.359619 5Z\" fill=\"black\"\/>\n<\/svg>\n\n<\/span>\n\t\t\t\t\t<\/a>\n\t\t\t\t\t\t\n\t\t\t\t\t<a href=\"https:\/\/zgloskrzywde.pl\/\" class=\"link paragraph\"target=\u201d_blank\u201d>\n\t\t\t\t\tZg\u0142o\u015b wykorzystywanie seksualne lub zaniedbanie\n\t\t\t\t\t\t<span class=\"external-arrow\">\n\t<svg width=\"17\" height=\"9\" viewBox=\"0 0 17 9\" fill=\"none\" xmlns=\"http:\/\/www.w3.org\/2000\/svg\">\n<path d=\"M16.7132 4.85355C16.9084 4.65829 16.9084 4.34171 16.7132 4.14645L13.5312 0.964467C13.3359 0.769205 13.0193 0.769205 12.8241 0.964467C12.6288 1.15973 12.6288 1.47631 12.8241 1.67157L15.6525 4.5L12.8241 7.32843C12.6288 7.52369 12.6288 7.84027 12.8241 8.03553C13.0193 8.2308 13.3359 8.2308 13.5312 8.03554L16.7132 4.85355ZM0.359619 5L16.3596 5L16.3596 4L0.359619 4L0.359619 5Z\" fill=\"black\"\/>\n<\/svg>\n\n<\/span>\n\t\t\t\t\t<\/a>\n\t\t\t\t\t\t\t\t<\/div>\n\t<\/div>\n<\/div>\n\t\t\t\t<\/div>\n\t\t\t\t<\/div>\n\t\t\t\t\t<\/div>\n\t\t<\/div>\n\t\t\t\t\t<\/div>\n\t\t<\/section>\n\t\t\t\t<\/div>\n\t\t","protected":false},"excerpt":{"rendered":"<p>Ochrona ma\u0142oletnich Ze wzgl\u0119du na wra\u017cliwo\u015b\u0107 zwi\u0105zan\u0105 z wiekiem rozwojowym ma\u0142oletni wymagaj\u0105 szczeg\u00f3lnej ochrony ze strony os\u00f3b i instytucji, kt\u00f3rym s\u0105 powierzeni. Wytyczne i normy s\u0142u\u017c\u0105ce ochronie ma\u0142oletnich w praktyce duszpasterskiej i wychowawczej Niniejszy dokument ma na celu propagowa\u0107 zachowania zapobiegaj\u0105ce r\u00f3\u017cnym formom przemocy wobec dzieci i m\u0142odzie\u017cy. Stosowanie regu\u0142 opracowanych w tym dokumencie przyczyni [&hellip;]<\/p>\n","protected":false},"author":14,"featured_media":0,"parent":276,"menu_order":0,"comment_status":"closed","ping_status":"closed","template":"page-templates\/sidebar-header.php","meta":{"footnotes":""},"class_list":["post-811","page","type-page","status-publish","hentry"],"yoast_head":"<!-- This site is optimized with the Yoast SEO Premium plugin v24.4 (Yoast SEO v24.4) - https:\/\/yoast.com\/wordpress\/plugins\/seo\/ -->\n<title>Ochrona ma\u0142oletnich | Krakowska Prowincja Franciszkan\u00f3w<\/title>\n<meta name=\"description\" content=\"Informacje o ochronie ma\u0142oletnich w Krakowskiej Prowincji Franciszkan\u00f3w: standardy, procedury, dokumenty oraz dane kontaktowe do zg\u0142osze\u0144 i wsparcia.\" \/>\n<meta name=\"robots\" content=\"index, follow, max-snippet:-1, max-image-preview:large, max-video-preview:-1\" \/>\n<link rel=\"canonical\" href=\"https:\/\/franciszkanie.pl\/prowincja\/ochrona-maloletnich\/\" \/>\n<meta property=\"og:locale\" content=\"es_ES\" \/>\n<meta property=\"og:type\" content=\"article\" \/>\n<meta property=\"og:title\" content=\"Ochrona ma\u0142oletnich\" \/>\n<meta property=\"og:description\" content=\"Informacje o ochronie ma\u0142oletnich w Krakowskiej Prowincji Franciszkan\u00f3w: standardy, procedury, dokumenty oraz dane kontaktowe do zg\u0142osze\u0144 i wsparcia.\" \/>\n<meta property=\"og:url\" content=\"https:\/\/franciszkanie.pl\/prowincja\/ochrona-maloletnich\/\" \/>\n<meta property=\"og:site_name\" content=\"franciszkanie\" \/>\n<meta property=\"article:publisher\" content=\"https:\/\/www.facebook.com\/franciszkaniekrakow\/\" \/>\n<meta property=\"article:modified_time\" content=\"2026-01-31T08:25:48+00:00\" \/>\n<meta property=\"og:image\" content=\"https:\/\/franciszkanie.pl\/wp-content\/uploads\/2022\/10\/OCHRONA-MALOLETNICH-delegat_2.jpg\" \/>\n<meta name=\"twitter:card\" content=\"summary_large_image\" \/>\n<meta name=\"twitter:label1\" content=\"Tiempo de lectura\" \/>\n\t<meta name=\"twitter:data1\" content=\"2 minutos\" \/>\n<script type=\"application\/ld+json\" class=\"yoast-schema-graph\">{\"@context\":\"https:\/\/schema.org\",\"@graph\":[{\"@type\":\"WebPage\",\"@id\":\"https:\/\/franciszkanie.pl\/prowincja\/ochrona-maloletnich\/\",\"url\":\"https:\/\/franciszkanie.pl\/prowincja\/ochrona-maloletnich\/\",\"name\":\"Ochrona ma\u0142oletnich | Krakowska Prowincja Franciszkan\u00f3w\",\"isPartOf\":{\"@id\":\"https:\/\/franciszkanie.pl\/#website\"},\"primaryImageOfPage\":{\"@id\":\"https:\/\/franciszkanie.pl\/prowincja\/ochrona-maloletnich\/#primaryimage\"},\"image\":{\"@id\":\"https:\/\/franciszkanie.pl\/prowincja\/ochrona-maloletnich\/#primaryimage\"},\"thumbnailUrl\":\"https:\/\/franciszkanie.pl\/wp-content\/uploads\/2022\/10\/OCHRONA-MALOLETNICH-delegat_2.jpg\",\"datePublished\":\"2022-07-12T20:25:15+00:00\",\"dateModified\":\"2026-01-31T08:25:48+00:00\",\"description\":\"Informacje o ochronie ma\u0142oletnich w Krakowskiej Prowincji Franciszkan\u00f3w: standardy, procedury, dokumenty oraz dane kontaktowe do zg\u0142osze\u0144 i wsparcia.\",\"breadcrumb\":{\"@id\":\"https:\/\/franciszkanie.pl\/prowincja\/ochrona-maloletnich\/#breadcrumb\"},\"inLanguage\":\"es\",\"potentialAction\":[{\"@type\":\"ReadAction\",\"target\":[\"https:\/\/franciszkanie.pl\/prowincja\/ochrona-maloletnich\/\"]}]},{\"@type\":\"ImageObject\",\"inLanguage\":\"es\",\"@id\":\"https:\/\/franciszkanie.pl\/prowincja\/ochrona-maloletnich\/#primaryimage\",\"url\":\"https:\/\/franciszkanie.pl\/wp-content\/uploads\/2022\/10\/OCHRONA-MALOLETNICH-delegat_2.jpg\",\"contentUrl\":\"https:\/\/franciszkanie.pl\/wp-content\/uploads\/2022\/10\/OCHRONA-MALOLETNICH-delegat_2.jpg\"},{\"@type\":\"BreadcrumbList\",\"@id\":\"https:\/\/franciszkanie.pl\/prowincja\/ochrona-maloletnich\/#breadcrumb\",\"itemListElement\":[{\"@type\":\"ListItem\",\"position\":1,\"name\":\"Strona g\u0142\u00f3wna\",\"item\":\"https:\/\/franciszkanie.pl\/\"},{\"@type\":\"ListItem\",\"position\":2,\"name\":\"Prowincja\",\"item\":\"https:\/\/franciszkanie.pl\/prowincja\/\"},{\"@type\":\"ListItem\",\"position\":3,\"name\":\"Ochrona ma\u0142oletnich\"}]},{\"@type\":\"WebSite\",\"@id\":\"https:\/\/franciszkanie.pl\/#website\",\"url\":\"https:\/\/franciszkanie.pl\/\",\"name\":\"franciszkanie.pl\",\"description\":\"prowincja krakowska\",\"potentialAction\":[{\"@type\":\"SearchAction\",\"target\":{\"@type\":\"EntryPoint\",\"urlTemplate\":\"https:\/\/franciszkanie.pl\/?s={search_term_string}\"},\"query-input\":{\"@type\":\"PropertyValueSpecification\",\"valueRequired\":true,\"valueName\":\"search_term_string\"}}],\"inLanguage\":\"es\"}]}<\/script>\n<!-- \/ Yoast SEO Premium plugin. -->","yoast_head_json":{"title":"Ochrona ma\u0142oletnich | Krakowska Prowincja Franciszkan\u00f3w","description":"Informacje o ochronie ma\u0142oletnich w Krakowskiej Prowincji Franciszkan\u00f3w: standardy, procedury, dokumenty oraz dane kontaktowe do zg\u0142osze\u0144 i wsparcia.","robots":{"index":"index","follow":"follow","max-snippet":"max-snippet:-1","max-image-preview":"max-image-preview:large","max-video-preview":"max-video-preview:-1"},"canonical":"https:\/\/franciszkanie.pl\/prowincja\/ochrona-maloletnich\/","og_locale":"es_ES","og_type":"article","og_title":"Ochrona ma\u0142oletnich","og_description":"Informacje o ochronie ma\u0142oletnich w Krakowskiej Prowincji Franciszkan\u00f3w: standardy, procedury, dokumenty oraz dane kontaktowe do zg\u0142osze\u0144 i wsparcia.","og_url":"https:\/\/franciszkanie.pl\/prowincja\/ochrona-maloletnich\/","og_site_name":"franciszkanie","article_publisher":"https:\/\/www.facebook.com\/franciszkaniekrakow\/","article_modified_time":"2026-01-31T08:25:48+00:00","og_image":[{"url":"https:\/\/franciszkanie.pl\/wp-content\/uploads\/2022\/10\/OCHRONA-MALOLETNICH-delegat_2.jpg","type":"","width":"","height":""}],"twitter_card":"summary_large_image","twitter_misc":{"Tiempo de lectura":"2 minutos"},"schema":{"@context":"https:\/\/schema.org","@graph":[{"@type":"WebPage","@id":"https:\/\/franciszkanie.pl\/prowincja\/ochrona-maloletnich\/","url":"https:\/\/franciszkanie.pl\/prowincja\/ochrona-maloletnich\/","name":"Ochrona ma\u0142oletnich | Krakowska Prowincja Franciszkan\u00f3w","isPartOf":{"@id":"https:\/\/franciszkanie.pl\/#website"},"primaryImageOfPage":{"@id":"https:\/\/franciszkanie.pl\/prowincja\/ochrona-maloletnich\/#primaryimage"},"image":{"@id":"https:\/\/franciszkanie.pl\/prowincja\/ochrona-maloletnich\/#primaryimage"},"thumbnailUrl":"https:\/\/franciszkanie.pl\/wp-content\/uploads\/2022\/10\/OCHRONA-MALOLETNICH-delegat_2.jpg","datePublished":"2022-07-12T20:25:15+00:00","dateModified":"2026-01-31T08:25:48+00:00","description":"Informacje o ochronie ma\u0142oletnich w Krakowskiej Prowincji Franciszkan\u00f3w: standardy, procedury, dokumenty oraz dane kontaktowe do zg\u0142osze\u0144 i wsparcia.","breadcrumb":{"@id":"https:\/\/franciszkanie.pl\/prowincja\/ochrona-maloletnich\/#breadcrumb"},"inLanguage":"es","potentialAction":[{"@type":"ReadAction","target":["https:\/\/franciszkanie.pl\/prowincja\/ochrona-maloletnich\/"]}]},{"@type":"ImageObject","inLanguage":"es","@id":"https:\/\/franciszkanie.pl\/prowincja\/ochrona-maloletnich\/#primaryimage","url":"https:\/\/franciszkanie.pl\/wp-content\/uploads\/2022\/10\/OCHRONA-MALOLETNICH-delegat_2.jpg","contentUrl":"https:\/\/franciszkanie.pl\/wp-content\/uploads\/2022\/10\/OCHRONA-MALOLETNICH-delegat_2.jpg"},{"@type":"BreadcrumbList","@id":"https:\/\/franciszkanie.pl\/prowincja\/ochrona-maloletnich\/#breadcrumb","itemListElement":[{"@type":"ListItem","position":1,"name":"Strona g\u0142\u00f3wna","item":"https:\/\/franciszkanie.pl\/"},{"@type":"ListItem","position":2,"name":"Prowincja","item":"https:\/\/franciszkanie.pl\/prowincja\/"},{"@type":"ListItem","position":3,"name":"Ochrona ma\u0142oletnich"}]},{"@type":"WebSite","@id":"https:\/\/franciszkanie.pl\/#website","url":"https:\/\/franciszkanie.pl\/","name":"franciszkanie.pl","description":"prowincja krakowska","potentialAction":[{"@type":"SearchAction","target":{"@type":"EntryPoint","urlTemplate":"https:\/\/franciszkanie.pl\/?s={search_term_string}"},"query-input":{"@type":"PropertyValueSpecification","valueRequired":true,"valueName":"search_term_string"}}],"inLanguage":"es"}]}},"acf":[],"_links":{"self":[{"href":"https:\/\/franciszkanie.pl\/es\/wp-json\/wp\/v2\/pages\/811","targetHints":{"allow":["GET"]}}],"collection":[{"href":"https:\/\/franciszkanie.pl\/es\/wp-json\/wp\/v2\/pages"}],"about":[{"href":"https:\/\/franciszkanie.pl\/es\/wp-json\/wp\/v2\/types\/page"}],"author":[{"embeddable":true,"href":"https:\/\/franciszkanie.pl\/es\/wp-json\/wp\/v2\/users\/14"}],"replies":[{"embeddable":true,"href":"https:\/\/franciszkanie.pl\/es\/wp-json\/wp\/v2\/comments?post=811"}],"version-history":[{"count":240,"href":"https:\/\/franciszkanie.pl\/es\/wp-json\/wp\/v2\/pages\/811\/revisions"}],"predecessor-version":[{"id":39219,"href":"https:\/\/franciszkanie.pl\/es\/wp-json\/wp\/v2\/pages\/811\/revisions\/39219"}],"up":[{"embeddable":true,"href":"https:\/\/franciszkanie.pl\/es\/wp-json\/wp\/v2\/pages\/276"}],"wp:attachment":[{"href":"https:\/\/franciszkanie.pl\/es\/wp-json\/wp\/v2\/media?parent=811"}],"curies":[{"name":"wp","href":"https:\/\/api.w.org\/{rel}","templated":true}]}}