{"id":2269,"date":"2022-08-24T19:34:29","date_gmt":"2022-08-24T17:34:29","guid":{"rendered":"https:\/\/franciszkanie.pl\/?page_id=2269"},"modified":"2026-03-03T19:25:20","modified_gmt":"2026-03-03T18:25:20","slug":"klasztory-prowincji","status":"publish","type":"page","link":"https:\/\/franciszkanie.pl\/it\/prowincja\/klasztory-prowincji\/","title":{"rendered":"Klasztory"},"content":{"rendered":"\t\t<div data-elementor-type=\"wp-page\" data-elementor-id=\"2269\" class=\"elementor elementor-2269\" data-elementor-post-type=\"page\">\n\t\t\t\t\t\t<section class=\"elementor-section elementor-top-section elementor-element elementor-element-a83c70f elementor-section-boxed elementor-section-height-default elementor-section-height-default\" data-id=\"a83c70f\" data-element_type=\"section\">\n\t\t\t\t\t\t<div class=\"elementor-container elementor-column-gap-default\">\n\t\t\t\t\t<div class=\"elementor-column elementor-col-100 elementor-top-column elementor-element elementor-element-8138c29\" data-id=\"8138c29\" data-element_type=\"column\">\n\t\t\t<div class=\"elementor-widget-wrap elementor-element-populated\">\n\t\t\t\t\t\t<div class=\"elementor-element elementor-element-bac026b elementor-widget elementor-widget-heading\" data-id=\"bac026b\" data-element_type=\"widget\" data-widget_type=\"heading.default\">\n\t\t\t\t<div class=\"elementor-widget-container\">\n\t\t\t\t\t<h1 class=\"elementor-heading-title elementor-size-default\">Klasztory Krakowskiej Prowincji Franciszkan\u00f3w<\/h1>\t\t\t\t<\/div>\n\t\t\t\t<\/div>\n\t\t\t\t<div class=\"elementor-element elementor-element-3e5cb67 elementor-widget elementor-widget-text-editor\" data-id=\"3e5cb67\" data-element_type=\"widget\" data-widget_type=\"text-editor.default\">\n\t\t\t\t<div class=\"elementor-widget-container\">\n\t\t\t\t\t\t\t\t\t<p>Poni\u017cej zebrali\u015bmy klasztory i domy Krakowskiej Prowincji Franciszkan\u00f3w (OFMConv). Ka\u017cda lokalizacja ma swoj\u0105 histori\u0119 i pos\u0142ug\u0119 \u2013 od duszpasterstwa i \u017cycia wsp\u00f3lnotowego po miejsca modlitwy i pielgrzymowania. Kliknij wybran\u0105 plac\u00f3wk\u0119, aby pozna\u0107 szczeg\u00f3\u0142y i dane kontaktowe.<\/p>\t\t\t\t\t\t\t\t<\/div>\n\t\t\t\t<\/div>\n\t\t\t\t<div class=\"elementor-element elementor-element-ae8e44b elementor-widget elementor-widget-churches\" data-id=\"ae8e44b\" data-element_type=\"widget\" data-widget_type=\"churches.default\">\n\t\t\t\t<div class=\"elementor-widget-container\">\n\t\t\t\t\t\n<section class=\"fr-churches-widget\">\n\t<div class=\"fr-change-category\">\n\t\t\n<div class=\"fr-horizontal-menu\nhorizontal \">\n\t<div class=\"horizontal-menu \n\t\t\">\n\t\t\t\t\t<a class=\"horizontal-menu-link\n\t\t\t\t default \t\t\t\t\"\n\t\t\thref=\"http:\/\/all\"\n\t\t\t\t\t\t>\n\t\t\t\twszystkie\t\t\t<\/a>\n\t\t\t\t\t\t\t<a class=\"horizontal-menu-link\n\t\t\t\t\t\t\t\t\"\n\t\t\thref=\"https:\/\/franciszkanie.pl\/it\/wp-json\/wp\/v2\/pages\/2269\/?category=90\"\n\t\t\t\t\t\t>\n\t\t\t\tdomy rekolekcyjne\t\t\t<\/a>\n\t\t\t\t\t\t\t<a class=\"horizontal-menu-link\n\t\t\t\thidden\t\t\t\t\"\n\t\t\thref=\"https:\/\/franciszkanie.pl\/it\/wp-json\/wp\/v2\/pages\/2269\/?category=92\"\n\t\t\t\t\t\t>\n\t\t\t\tmisje\t\t\t<\/a>\n\t\t\t\t\t\t\t<a class=\"horizontal-menu-link\n\t\t\t\thidden\t\t\t\t\"\n\t\t\thref=\"https:\/\/franciszkanie.pl\/it\/wp-json\/wp\/v2\/pages\/2269\/?category=94\"\n\t\t\t\t\t\t>\n\t\t\t\tpolska\t\t\t<\/a>\n\t\t\t\t\t\t\t<a class=\"horizontal-menu-link\n\t\t\t\thidden\t\t\t\t\"\n\t\t\thref=\"https:\/\/franciszkanie.pl\/it\/wp-json\/wp\/v2\/pages\/2269\/?category=91\"\n\t\t\t\t\t\t>\n\t\t\t\tsanktuaria\t\t\t<\/a>\n\t\t\t\t\t\t\t<a class=\"horizontal-menu-link\n\t\t\t\thidden\t\t\t\t\"\n\t\t\thref=\"https:\/\/franciszkanie.pl\/it\/wp-json\/wp\/v2\/pages\/2269\/?category=93\"\n\t\t\t\t\t\t>\n\t\t\t\tzagranica\t\t\t<\/a>\n\t\t\t\t\t\t<\/div>\n\t<div class=\"horizontal-menu-indicator\n\thorizontal red\t\"><\/div>\n<\/div>\n\t<\/div>\n\n\t\n<div class=\"fr-view-type\">\n\t<span>widok<\/span>\n\t<img\n\tid=\"fr-view-type-grid\"\n\tclass=\"\n\tactive\t\"\n\tsrc=\"\n\thttps:\/\/franciszkanie.pl\/wp-content\/themes\/franciszkanie\/resources\/view-type-grid.svg?ver=1.0.119\t\">\n\t<img\n\tid=\"fr-view-type-list\"\n\tclass=\"\n\t\t\"\n\tsrc=\"\n\thttps:\/\/franciszkanie.pl\/wp-content\/themes\/franciszkanie\/resources\/view-type-list.svg?ver=1.0.119\t\">\n<\/div>\n\n\t<div class=\"content-wrapper\">\n\t\t<div id=\"fr-churches-content\" class=\"fr-klasztor-content\">\n\n\t\t\t\n\n\n\n\t<div class=\"fr-klasztor-content__image\" style=\"background-image: url( https:\/\/franciszkanie.pl\/wp-content\/uploads\/2022\/09\/FR-prowincja-klasztory-Dabrowa_Gornicza_kafelek_1-1.webp );\">\n\n\t\t<p class=\"fr-klasztor-content__image--title\">D\u0105browa G\u00f3rnicza<\/p>\n\t\t<div class=\"fr-widget-hover\">\n\t\t\t\t\t\t\t<a class=\"fr-widget-hover__link\" href=\"https:\/\/dabrowa.franciszkanie.pl\/\" target=\"_blank\"\n\t\t\t\t>\n\t\t\t\t\tdabrowa.franciszkanie.pl\t\t\t\t<\/a>\n\t\t\t\n\t\t\t\t\t\t\t<p class=\"fr-widget-hover__title\">D\u0105browa G\u00f3rnicza <\/p>\n\t\t\t\t\t\t<div class=\"fr-widget-hover__more\">\n\n\n\t\t\t\n<div class=\"fr-read-more\n\">\n\t\t\t<a href=\"\n\t\thttps:\/\/franciszkanie.pl\/it\/prowincja\/klasztory\/dabrowa-gornicza\/\t\t\"\n\t\t\t\t>\n\t\t\t\twi\u0119cej\t\t\t<div class=\"arrow\">\n\t\t\t\t<img decoding=\"async\" src=\"\n\t\t\t\thttps:\/\/franciszkanie.pl\/wp-content\/themes\/franciszkanie\/resources\/read-more.svg?ver=1.0.119\t\t\t\t\">\n\t\t\t<\/div>\n\t\t\t<\/a>\n\t<\/div>\n\t\t\t<\/div>\n\t\t<\/div>\n\t<\/div>\n\n\n\n\n\t<div class=\"fr-klasztor-content__image\" style=\"background-image: url( https:\/\/franciszkanie.pl\/wp-content\/uploads\/2022\/09\/FR-prowincja-klasztory-Glogowek_kafelek_1.webp );\">\n\n\t\t<p class=\"fr-klasztor-content__image--title\">G\u0142og\u00f3wek<\/p>\n\t\t<div class=\"fr-widget-hover\">\n\t\t\t\t\t\t\t<a class=\"fr-widget-hover__link\" href=\"http:\/\/glogowek.franciszkanie.pl\" target=\"_blank\"\n\t\t\t\t>\n\t\t\t\t\tglogowek.franciszkanie.pl\t\t\t\t<\/a>\n\t\t\t\n\t\t\t\t\t\t\t<p class=\"fr-widget-hover__title\">G\u0142og\u00f3wek <\/p>\n\t\t\t\t\t\t<div class=\"fr-widget-hover__more\">\n\n\n\t\t\t\n<div class=\"fr-read-more\n\">\n\t\t\t<a href=\"\n\t\thttps:\/\/franciszkanie.pl\/it\/prowincja\/klasztory\/1249\/\t\t\"\n\t\t\t\t>\n\t\t\t\twi\u0119cej\t\t\t<div class=\"arrow\">\n\t\t\t\t<img decoding=\"async\" src=\"\n\t\t\t\thttps:\/\/franciszkanie.pl\/wp-content\/themes\/franciszkanie\/resources\/read-more.svg?ver=1.0.119\t\t\t\t\">\n\t\t\t<\/div>\n\t\t\t<\/a>\n\t<\/div>\n\t\t\t<\/div>\n\t\t<\/div>\n\t<\/div>\n\n\n\n\n\t<div class=\"fr-klasztor-content__image\" style=\"background-image: url( https:\/\/franciszkanie.pl\/wp-content\/uploads\/2022\/09\/FR-prowincja-klasztory-Horyniec-Zdroj_kafelek_1.webp );\">\n\n\t\t<p class=\"fr-klasztor-content__image--title\">Horyniec-Zdr\u00f3j<\/p>\n\t\t<div class=\"fr-widget-hover\">\n\t\t\t\t\t\t\t<a class=\"fr-widget-hover__link\" href=\"http:\/\/horyniec.franciszkanie.pl\" target=\"_blank\"\n\t\t\t\t>\n\t\t\t\t\thoryniec.franciszkanie.pl\t\t\t\t<\/a>\n\t\t\t\n\t\t\t\t\t\t\t<p class=\"fr-widget-hover__title\">Horyniec-Zdr\u00f3j <\/p>\n\t\t\t\t\t\t<div class=\"fr-widget-hover__more\">\n\n\n\t\t\t\n<div class=\"fr-read-more\n\">\n\t\t\t<a href=\"\n\t\thttps:\/\/franciszkanie.pl\/it\/prowincja\/klasztory\/horyniec-zdroj\/\t\t\"\n\t\t\t\t>\n\t\t\t\twi\u0119cej\t\t\t<div class=\"arrow\">\n\t\t\t\t<img decoding=\"async\" src=\"\n\t\t\t\thttps:\/\/franciszkanie.pl\/wp-content\/themes\/franciszkanie\/resources\/read-more.svg?ver=1.0.119\t\t\t\t\">\n\t\t\t<\/div>\n\t\t\t<\/a>\n\t<\/div>\n\t\t\t<\/div>\n\t\t<\/div>\n\t<\/div>\n\n\n\n\n\t<div class=\"fr-klasztor-content__image\" style=\"background-image: url( https:\/\/franciszkanie.pl\/wp-content\/uploads\/2022\/09\/FR-prowincja-klasztory-Glowienka_kafelek_1-1.webp );\">\n\n\t\t<p class=\"fr-klasztor-content__image--title\">G\u0142owienka<\/p>\n\t\t<div class=\"fr-widget-hover\">\n\t\t\t\t\t\t\t<a class=\"fr-widget-hover__link\" href=\"http:\/\/glowienka.franciszkanie.pl\" target=\"_blank\"\n\t\t\t\t>\n\t\t\t\t\tglowienka.franciszkanie.pl\t\t\t\t<\/a>\n\t\t\t\n\t\t\t\t\t\t\t<p class=\"fr-widget-hover__title\">G\u0142owienka <\/p>\n\t\t\t\t\t\t<div class=\"fr-widget-hover__more\">\n\n\n\t\t\t\n<div class=\"fr-read-more\n\">\n\t\t\t<a href=\"\n\t\thttps:\/\/franciszkanie.pl\/it\/prowincja\/klasztory\/glowienka\/\t\t\"\n\t\t\t\t>\n\t\t\t\twi\u0119cej\t\t\t<div class=\"arrow\">\n\t\t\t\t<img decoding=\"async\" src=\"\n\t\t\t\thttps:\/\/franciszkanie.pl\/wp-content\/themes\/franciszkanie\/resources\/read-more.svg?ver=1.0.119\t\t\t\t\">\n\t\t\t<\/div>\n\t\t\t<\/a>\n\t<\/div>\n\t\t\t<\/div>\n\t\t<\/div>\n\t<\/div>\n\n\n\n\n\t<div class=\"fr-klasztor-content__image\" style=\"background-image: url( https:\/\/franciszkanie.pl\/wp-content\/uploads\/2022\/09\/FR-prowincja-klasztory-Krosno_kafelek_1.webp );\">\n\n\t\t<p class=\"fr-klasztor-content__image--title\">Krosno<\/p>\n\t\t<div class=\"fr-widget-hover\">\n\t\t\t\t\t\t\t<a class=\"fr-widget-hover__link\" href=\"http:\/\/krosno.franciszkanie.pl\" target=\"_blank\"\n\t\t\t\t>\n\t\t\t\t\tkrosno.franciszkanie.pl\t\t\t\t<\/a>\n\t\t\t\n\t\t\t\t\t\t\t<p class=\"fr-widget-hover__title\">Krosno <\/p>\n\t\t\t\t\t\t<div class=\"fr-widget-hover__more\">\n\n\n\t\t\t\n<div class=\"fr-read-more\n\">\n\t\t\t<a href=\"\n\t\thttps:\/\/franciszkanie.pl\/it\/prowincja\/klasztory\/krosno\/\t\t\"\n\t\t\t\t>\n\t\t\t\twi\u0119cej\t\t\t<div class=\"arrow\">\n\t\t\t\t<img decoding=\"async\" src=\"\n\t\t\t\thttps:\/\/franciszkanie.pl\/wp-content\/themes\/franciszkanie\/resources\/read-more.svg?ver=1.0.119\t\t\t\t\">\n\t\t\t<\/div>\n\t\t\t<\/a>\n\t<\/div>\n\t\t\t<\/div>\n\t\t<\/div>\n\t<\/div>\n\n\n\n\n\t<div class=\"fr-klasztor-content__image\" style=\"background-image: url( https:\/\/franciszkanie.pl\/wp-content\/uploads\/2022\/09\/FR-prowincja-klasztory-Harmeze_kafelek_1.webp );\">\n\n\t\t<p class=\"fr-klasztor-content__image--title\">Harm\u0119\u017ce<\/p>\n\t\t<div class=\"fr-widget-hover\">\n\t\t\t\t\t\t\t<a class=\"fr-widget-hover__link\" href=\"http:\/\/harmeze.franciszkanie.pl\" target=\"_blank\"\n\t\t\t\t>\n\t\t\t\t\tharmeze.franciszkanie.pl\t\t\t\t<\/a>\n\t\t\t\n\t\t\t\t\t\t\t<p class=\"fr-widget-hover__title\">Harm\u0119\u017ce <\/p>\n\t\t\t\t\t\t<div class=\"fr-widget-hover__more\">\n\n\n\t\t\t\n<div class=\"fr-read-more\n\">\n\t\t\t<a href=\"\n\t\thttps:\/\/franciszkanie.pl\/it\/prowincja\/klasztory\/harmeze\/\t\t\"\n\t\t\t\t>\n\t\t\t\twi\u0119cej\t\t\t<div class=\"arrow\">\n\t\t\t\t<img decoding=\"async\" src=\"\n\t\t\t\thttps:\/\/franciszkanie.pl\/wp-content\/themes\/franciszkanie\/resources\/read-more.svg?ver=1.0.119\t\t\t\t\">\n\t\t\t<\/div>\n\t\t\t<\/a>\n\t<\/div>\n\t\t\t<\/div>\n\t\t<\/div>\n\t<\/div>\n\t\t<\/div>\n\t\t\n<div class=\"infinite-scroll-indicator\" id=\"fr-infinite-scroll-indicator\" data-widget=\"churches\">\n\t<div class=\"loader\">\n\t\t<div><\/div>\n\t\t<div><\/div>\n\t\t<div><\/div>\n\t\t<div><\/div>\n\t<\/div>\n<\/div>\n\n\t\t\t<\/div>\n<\/section>\n\n\t\t\t\t<\/div>\n\t\t\t\t<\/div>\n\t\t\t\t\t<\/div>\n\t\t<\/div>\n\t\t\t\t\t<\/div>\n\t\t<\/section>\n\t\t\t\t<\/div>\n\t\t","protected":false},"excerpt":{"rendered":"<p>Klasztory Krakowskiej Prowincji Franciszkan\u00f3w Poni\u017cej zebrali\u015bmy klasztory i domy Krakowskiej Prowincji Franciszkan\u00f3w (OFMConv). Ka\u017cda lokalizacja ma swoj\u0105 histori\u0119 i pos\u0142ug\u0119 \u2013 od duszpasterstwa i \u017cycia wsp\u00f3lnotowego po miejsca modlitwy i pielgrzymowania. Kliknij wybran\u0105 plac\u00f3wk\u0119, aby pozna\u0107 szczeg\u00f3\u0142y i dane kontaktowe. wszystkie domy rekolekcyjne misje polska sanktuaria zagranica widok D\u0105browa G\u00f3rnicza dabrowa.franciszkanie.pl D\u0105browa G\u00f3rnicza wi\u0119cej G\u0142og\u00f3wek [&hellip;]<\/p>\n","protected":false},"author":1,"featured_media":23206,"parent":276,"menu_order":0,"comment_status":"closed","ping_status":"closed","template":"page-templates\/sidebar-header.php","meta":{"footnotes":""},"class_list":["post-2269","page","type-page","status-publish","has-post-thumbnail","hentry"],"yoast_head":"<!-- This site is optimized with the Yoast SEO Premium plugin v24.4 (Yoast SEO v24.4) - https:\/\/yoast.com\/wordpress\/plugins\/seo\/ -->\n<title>Klasztory | Krakowska Prowincja Franciszkan\u00f3w (OFMConv)<\/title>\n<meta name=\"description\" content=\"Lista klasztor\u00f3w i dom\u00f3w Krakowskiej Prowincji Franciszkan\u00f3w. Sprawd\u017a lokalizacje plac\u00f3wek i przejd\u017a do szczeg\u00f3\u0142\u00f3w wybranego klasztoru.\" \/>\n<meta name=\"robots\" content=\"index, follow, max-snippet:-1, max-image-preview:large, max-video-preview:-1\" \/>\n<link rel=\"canonical\" href=\"https:\/\/franciszkanie.pl\/prowincja\/klasztory-prowincji\/\" \/>\n<meta property=\"og:locale\" content=\"it_IT\" \/>\n<meta property=\"og:type\" content=\"article\" \/>\n<meta property=\"og:title\" content=\"Klasztory\" \/>\n<meta property=\"og:description\" content=\"Lista klasztor\u00f3w i dom\u00f3w Krakowskiej Prowincji Franciszkan\u00f3w. Sprawd\u017a lokalizacje plac\u00f3wek i przejd\u017a do szczeg\u00f3\u0142\u00f3w wybranego klasztoru.\" \/>\n<meta property=\"og:url\" content=\"https:\/\/franciszkanie.pl\/prowincja\/klasztory-prowincji\/\" \/>\n<meta property=\"og:site_name\" content=\"franciszkanie\" \/>\n<meta property=\"article:publisher\" content=\"https:\/\/www.facebook.com\/franciszkaniekrakow\/\" \/>\n<meta property=\"article:modified_time\" content=\"2026-03-03T18:25:20+00:00\" \/>\n<meta property=\"og:image\" content=\"https:\/\/franciszkanie.pl\/wp-content\/uploads\/2024\/03\/FR-prowincja-klasztory-Dabrowa_Gornicza_2.webp\" \/>\n\t<meta property=\"og:image:width\" content=\"1536\" \/>\n\t<meta property=\"og:image:height\" content=\"864\" \/>\n\t<meta property=\"og:image:type\" content=\"image\/webp\" \/>\n<meta name=\"twitter:card\" content=\"summary_large_image\" \/>\n<meta name=\"twitter:label1\" content=\"Tempo di lettura stimato\" \/>\n\t<meta name=\"twitter:data1\" content=\"3 minuti\" \/>\n<script type=\"application\/ld+json\" class=\"yoast-schema-graph\">{\"@context\":\"https:\/\/schema.org\",\"@graph\":[{\"@type\":\"WebPage\",\"@id\":\"https:\/\/franciszkanie.pl\/prowincja\/klasztory-prowincji\/\",\"url\":\"https:\/\/franciszkanie.pl\/prowincja\/klasztory-prowincji\/\",\"name\":\"Klasztory | Krakowska Prowincja Franciszkan\u00f3w (OFMConv)\",\"isPartOf\":{\"@id\":\"https:\/\/franciszkanie.pl\/#website\"},\"primaryImageOfPage\":{\"@id\":\"https:\/\/franciszkanie.pl\/prowincja\/klasztory-prowincji\/#primaryimage\"},\"image\":{\"@id\":\"https:\/\/franciszkanie.pl\/prowincja\/klasztory-prowincji\/#primaryimage\"},\"thumbnailUrl\":\"https:\/\/franciszkanie.pl\/wp-content\/uploads\/2024\/03\/FR-prowincja-klasztory-Dabrowa_Gornicza_2.webp\",\"datePublished\":\"2022-08-24T17:34:29+00:00\",\"dateModified\":\"2026-03-03T18:25:20+00:00\",\"description\":\"Lista klasztor\u00f3w i dom\u00f3w Krakowskiej Prowincji Franciszkan\u00f3w. Sprawd\u017a lokalizacje plac\u00f3wek i przejd\u017a do szczeg\u00f3\u0142\u00f3w wybranego klasztoru.\",\"breadcrumb\":{\"@id\":\"https:\/\/franciszkanie.pl\/prowincja\/klasztory-prowincji\/#breadcrumb\"},\"inLanguage\":\"it-IT\",\"potentialAction\":[{\"@type\":\"ReadAction\",\"target\":[\"https:\/\/franciszkanie.pl\/prowincja\/klasztory-prowincji\/\"]}]},{\"@type\":\"ImageObject\",\"inLanguage\":\"it-IT\",\"@id\":\"https:\/\/franciszkanie.pl\/prowincja\/klasztory-prowincji\/#primaryimage\",\"url\":\"https:\/\/franciszkanie.pl\/wp-content\/uploads\/2024\/03\/FR-prowincja-klasztory-Dabrowa_Gornicza_2.webp\",\"contentUrl\":\"https:\/\/franciszkanie.pl\/wp-content\/uploads\/2024\/03\/FR-prowincja-klasztory-Dabrowa_Gornicza_2.webp\",\"width\":1536,\"height\":864},{\"@type\":\"BreadcrumbList\",\"@id\":\"https:\/\/franciszkanie.pl\/prowincja\/klasztory-prowincji\/#breadcrumb\",\"itemListElement\":[{\"@type\":\"ListItem\",\"position\":1,\"name\":\"Strona g\u0142\u00f3wna\",\"item\":\"https:\/\/franciszkanie.pl\/\"},{\"@type\":\"ListItem\",\"position\":2,\"name\":\"Prowincja\",\"item\":\"https:\/\/franciszkanie.pl\/prowincja\/\"},{\"@type\":\"ListItem\",\"position\":3,\"name\":\"Klasztory\"}]},{\"@type\":\"WebSite\",\"@id\":\"https:\/\/franciszkanie.pl\/#website\",\"url\":\"https:\/\/franciszkanie.pl\/\",\"name\":\"franciszkanie.pl\",\"description\":\"prowincja krakowska\",\"potentialAction\":[{\"@type\":\"SearchAction\",\"target\":{\"@type\":\"EntryPoint\",\"urlTemplate\":\"https:\/\/franciszkanie.pl\/?s={search_term_string}\"},\"query-input\":{\"@type\":\"PropertyValueSpecification\",\"valueRequired\":true,\"valueName\":\"search_term_string\"}}],\"inLanguage\":\"it-IT\"}]}<\/script>\n<!-- \/ Yoast SEO Premium plugin. -->","yoast_head_json":{"title":"Klasztory | Krakowska Prowincja Franciszkan\u00f3w (OFMConv)","description":"Lista klasztor\u00f3w i dom\u00f3w Krakowskiej Prowincji Franciszkan\u00f3w. Sprawd\u017a lokalizacje plac\u00f3wek i przejd\u017a do szczeg\u00f3\u0142\u00f3w wybranego klasztoru.","robots":{"index":"index","follow":"follow","max-snippet":"max-snippet:-1","max-image-preview":"max-image-preview:large","max-video-preview":"max-video-preview:-1"},"canonical":"https:\/\/franciszkanie.pl\/prowincja\/klasztory-prowincji\/","og_locale":"it_IT","og_type":"article","og_title":"Klasztory","og_description":"Lista klasztor\u00f3w i dom\u00f3w Krakowskiej Prowincji Franciszkan\u00f3w. Sprawd\u017a lokalizacje plac\u00f3wek i przejd\u017a do szczeg\u00f3\u0142\u00f3w wybranego klasztoru.","og_url":"https:\/\/franciszkanie.pl\/prowincja\/klasztory-prowincji\/","og_site_name":"franciszkanie","article_publisher":"https:\/\/www.facebook.com\/franciszkaniekrakow\/","article_modified_time":"2026-03-03T18:25:20+00:00","og_image":[{"width":1536,"height":864,"url":"https:\/\/franciszkanie.pl\/wp-content\/uploads\/2024\/03\/FR-prowincja-klasztory-Dabrowa_Gornicza_2.webp","type":"image\/webp"}],"twitter_card":"summary_large_image","twitter_misc":{"Tempo di lettura stimato":"3 minuti"},"schema":{"@context":"https:\/\/schema.org","@graph":[{"@type":"WebPage","@id":"https:\/\/franciszkanie.pl\/prowincja\/klasztory-prowincji\/","url":"https:\/\/franciszkanie.pl\/prowincja\/klasztory-prowincji\/","name":"Klasztory | Krakowska Prowincja Franciszkan\u00f3w (OFMConv)","isPartOf":{"@id":"https:\/\/franciszkanie.pl\/#website"},"primaryImageOfPage":{"@id":"https:\/\/franciszkanie.pl\/prowincja\/klasztory-prowincji\/#primaryimage"},"image":{"@id":"https:\/\/franciszkanie.pl\/prowincja\/klasztory-prowincji\/#primaryimage"},"thumbnailUrl":"https:\/\/franciszkanie.pl\/wp-content\/uploads\/2024\/03\/FR-prowincja-klasztory-Dabrowa_Gornicza_2.webp","datePublished":"2022-08-24T17:34:29+00:00","dateModified":"2026-03-03T18:25:20+00:00","description":"Lista klasztor\u00f3w i dom\u00f3w Krakowskiej Prowincji Franciszkan\u00f3w. Sprawd\u017a lokalizacje plac\u00f3wek i przejd\u017a do szczeg\u00f3\u0142\u00f3w wybranego klasztoru.","breadcrumb":{"@id":"https:\/\/franciszkanie.pl\/prowincja\/klasztory-prowincji\/#breadcrumb"},"inLanguage":"it-IT","potentialAction":[{"@type":"ReadAction","target":["https:\/\/franciszkanie.pl\/prowincja\/klasztory-prowincji\/"]}]},{"@type":"ImageObject","inLanguage":"it-IT","@id":"https:\/\/franciszkanie.pl\/prowincja\/klasztory-prowincji\/#primaryimage","url":"https:\/\/franciszkanie.pl\/wp-content\/uploads\/2024\/03\/FR-prowincja-klasztory-Dabrowa_Gornicza_2.webp","contentUrl":"https:\/\/franciszkanie.pl\/wp-content\/uploads\/2024\/03\/FR-prowincja-klasztory-Dabrowa_Gornicza_2.webp","width":1536,"height":864},{"@type":"BreadcrumbList","@id":"https:\/\/franciszkanie.pl\/prowincja\/klasztory-prowincji\/#breadcrumb","itemListElement":[{"@type":"ListItem","position":1,"name":"Strona g\u0142\u00f3wna","item":"https:\/\/franciszkanie.pl\/"},{"@type":"ListItem","position":2,"name":"Prowincja","item":"https:\/\/franciszkanie.pl\/prowincja\/"},{"@type":"ListItem","position":3,"name":"Klasztory"}]},{"@type":"WebSite","@id":"https:\/\/franciszkanie.pl\/#website","url":"https:\/\/franciszkanie.pl\/","name":"franciszkanie.pl","description":"prowincja krakowska","potentialAction":[{"@type":"SearchAction","target":{"@type":"EntryPoint","urlTemplate":"https:\/\/franciszkanie.pl\/?s={search_term_string}"},"query-input":{"@type":"PropertyValueSpecification","valueRequired":true,"valueName":"search_term_string"}}],"inLanguage":"it-IT"}]}},"acf":[],"_links":{"self":[{"href":"https:\/\/franciszkanie.pl\/it\/wp-json\/wp\/v2\/pages\/2269","targetHints":{"allow":["GET"]}}],"collection":[{"href":"https:\/\/franciszkanie.pl\/it\/wp-json\/wp\/v2\/pages"}],"about":[{"href":"https:\/\/franciszkanie.pl\/it\/wp-json\/wp\/v2\/types\/page"}],"author":[{"embeddable":true,"href":"https:\/\/franciszkanie.pl\/it\/wp-json\/wp\/v2\/users\/1"}],"replies":[{"embeddable":true,"href":"https:\/\/franciszkanie.pl\/it\/wp-json\/wp\/v2\/comments?post=2269"}],"version-history":[{"count":30,"href":"https:\/\/franciszkanie.pl\/it\/wp-json\/wp\/v2\/pages\/2269\/revisions"}],"predecessor-version":[{"id":40482,"href":"https:\/\/franciszkanie.pl\/it\/wp-json\/wp\/v2\/pages\/2269\/revisions\/40482"}],"up":[{"embeddable":true,"href":"https:\/\/franciszkanie.pl\/it\/wp-json\/wp\/v2\/pages\/276"}],"wp:featuredmedia":[{"embeddable":true,"href":"https:\/\/franciszkanie.pl\/it\/wp-json\/wp\/v2\/media\/23206"}],"wp:attachment":[{"href":"https:\/\/franciszkanie.pl\/it\/wp-json\/wp\/v2\/media?parent=2269"}],"curies":[{"name":"wp","href":"https:\/\/api.w.org\/{rel}","templated":true}]}}