{"id":278,"date":"2022-07-01T13:29:14","date_gmt":"2022-07-01T11:29:14","guid":{"rendered":"https:\/\/franciszkanie.pl\/?page_id=278"},"modified":"2026-01-30T17:45:35","modified_gmt":"2026-01-30T16:45:35","slug":"dziela","status":"publish","type":"page","link":"https:\/\/franciszkanie.pl\/it\/prowincja\/dziela\/","title":{"rendered":"Dzie\u0142a"},"content":{"rendered":"\t\t<div data-elementor-type=\"wp-page\" data-elementor-id=\"278\" class=\"elementor elementor-278\" data-elementor-post-type=\"page\">\n\t\t\t\t\t\t<section class=\"elementor-section elementor-top-section elementor-element elementor-element-e98acac elementor-section-boxed elementor-section-height-default elementor-section-height-default\" data-id=\"e98acac\" data-element_type=\"section\">\n\t\t\t\t\t\t<div class=\"elementor-container elementor-column-gap-default\">\n\t\t\t\t\t<div class=\"elementor-column elementor-col-100 elementor-top-column elementor-element elementor-element-6631ef9\" data-id=\"6631ef9\" data-element_type=\"column\">\n\t\t\t<div class=\"elementor-widget-wrap elementor-element-populated\">\n\t\t\t\t\t\t<div class=\"elementor-element elementor-element-21dc088 elementor-widget elementor-widget-heading\" data-id=\"21dc088\" data-element_type=\"widget\" data-widget_type=\"heading.default\">\n\t\t\t\t<div class=\"elementor-widget-container\">\n\t\t\t\t\t<h1 class=\"elementor-heading-title elementor-size-default\">Dzie\u0142a i inicjatywy Krakowskiej Prowincji Franciszkan\u00f3w<\/h1>\t\t\t\t<\/div>\n\t\t\t\t<\/div>\n\t\t\t\t\t<\/div>\n\t\t<\/div>\n\t\t\t\t\t<\/div>\n\t\t<\/section>\n\t\t\t\t<section class=\"elementor-section elementor-top-section elementor-element elementor-element-bc40212 elementor-section-boxed elementor-section-height-default elementor-section-height-default\" data-id=\"bc40212\" data-element_type=\"section\">\n\t\t\t\t\t\t<div class=\"elementor-container elementor-column-gap-default\">\n\t\t\t\t\t<div class=\"elementor-column elementor-col-100 elementor-top-column elementor-element elementor-element-30d3540\" data-id=\"30d3540\" data-element_type=\"column\">\n\t\t\t<div class=\"elementor-widget-wrap elementor-element-populated\">\n\t\t\t\t\t\t<div class=\"elementor-element elementor-element-102e2b7 elementor-widget elementor-widget-text-editor\" data-id=\"102e2b7\" data-element_type=\"widget\" data-widget_type=\"text-editor.default\">\n\t\t\t\t<div class=\"elementor-widget-container\">\n\t\t\t\t\t\t\t\t\t<p>Rzeczy wa\u017cne dla \u015bw. Franciszka &#8211; cho\u0107 maj\u0105 ju\u017c ponad 800 lat &#8211; nadal inspiruj\u0105. Podejmujemy r\u00f3\u017cnorodne dzia\u0142ania, \u017ceby jego duch nadal \u017cy\u0142 w \u015bwiecie.<\/p>\t\t\t\t\t\t\t\t<\/div>\n\t\t\t\t<\/div>\n\t\t\t\t\t<\/div>\n\t\t<\/div>\n\t\t\t\t\t<\/div>\n\t\t<\/section>\n\t\t\t\t<section class=\"elementor-section elementor-top-section elementor-element elementor-element-963e310 elementor-section-boxed elementor-section-height-default elementor-section-height-default\" data-id=\"963e310\" data-element_type=\"section\">\n\t\t\t\t\t\t<div class=\"elementor-container elementor-column-gap-default\">\n\t\t\t\t\t<div class=\"elementor-column elementor-col-100 elementor-top-column elementor-element elementor-element-6522cc6\" data-id=\"6522cc6\" data-element_type=\"column\">\n\t\t\t<div class=\"elementor-widget-wrap elementor-element-populated\">\n\t\t\t\t\t\t<div class=\"elementor-element elementor-element-da33025 elementor-widget elementor-widget-works\" data-id=\"da33025\" data-element_type=\"widget\" data-widget_type=\"works.default\">\n\t\t\t\t<div class=\"elementor-widget-container\">\n\t\t\t\t\t\n<div class=\"fr-elementor-works\">\n    <span class=\"works-title\">dzie\u0142a<\/span>\n            <span class=\"works-desc\"><\/span>\n        \n<div class=\"fr-view-type\">\n\t<span>widok<\/span>\n\t<img\n\tid=\"fr-view-type-grid\"\n\tclass=\"\n\tactive\t\"\n\tsrc=\"\n\thttps:\/\/franciszkanie.pl\/wp-content\/themes\/franciszkanie\/resources\/view-type-grid.svg?ver=1.0.119\t\">\n\t<img\n\tid=\"fr-view-type-list\"\n\tclass=\"\n\t\t\"\n\tsrc=\"\n\thttps:\/\/franciszkanie.pl\/wp-content\/themes\/franciszkanie\/resources\/view-type-list.svg?ver=1.0.119\t\">\n<\/div>\n\n    <div class=\"works-entries\">\n        \n<div class=\"fr-works-tile\">\n\t<a class=\"tile\" href=\"https:\/\/franciszkanie.pl\/it\/prowincja\/dziela\/mniejsi\/\">\n\t\t<img decoding=\"async\" src=\"https:\/\/franciszkanie.pl\/wp-content\/uploads\/2024\/07\/mniejsi_1.webp\">\n\t\t<div class=\"overlay\">\n\t\t\t<span class=\"name\">mniejsi<\/span>\n\t\t\t<span class=\"more-list\">\n\t\t\t\tzobacz wi\u0119cej\n\t\t\t\t<div class=\"arrow\">\n\t\t\t\t\t<img decoding=\"async\" src=\"\n\t\t\t\t\thttps:\/\/franciszkanie.pl\/wp-content\/themes\/franciszkanie\/resources\/read-more.svg?ver=1.0.119\t\t\t\t\t\">\n\t\t\t\t<\/div>\n\t\t\t<\/span>\n\t\t<\/div>\n\t<\/a>\n\t<div class=\"overlay-hover\">\n\t\t<a class=\"site\" href=\"\">\n\t\t\t\t\t<\/a>\n\t\t<a class=\"place\" href=\"https:\/\/franciszkanie.pl\/it\/prowincja\/dziela\/mniejsi\/\">\n\t\t\t\t\t<\/a>\n\t\t\n<div class=\"fr-read-more\n\">\n\t\t\t<a href=\"\n\t\thttps:\/\/franciszkanie.pl\/it\/prowincja\/dziela\/mniejsi\/\t\t\"\n\t\t\t\t>\n\t\t\t\twi\u0119cej\t\t\t<div class=\"arrow\">\n\t\t\t\t<img decoding=\"async\" src=\"\n\t\t\t\thttps:\/\/franciszkanie.pl\/wp-content\/themes\/franciszkanie\/resources\/read-more.svg?ver=1.0.119\t\t\t\t\">\n\t\t\t<\/div>\n\t\t\t<\/a>\n\t<\/div>\n\t<\/div>\n<\/div>\n\n<div class=\"fr-works-tile\">\n\t<a class=\"tile\" href=\"https:\/\/franciszkanie.pl\/it\/prowincja\/dziela\/franciszkanskie-towarzystwo-naukowe\/\">\n\t\t<img decoding=\"async\" src=\"https:\/\/franciszkanie.pl\/wp-content\/uploads\/2025\/11\/franciszkanskie-towarzystwo-naukowe-logo.webp\">\n\t\t<div class=\"overlay\">\n\t\t\t<span class=\"name\">Franciszka\u0144skie Towarzystwo Naukowe<\/span>\n\t\t\t<span class=\"more-list\">\n\t\t\t\tzobacz wi\u0119cej\n\t\t\t\t<div class=\"arrow\">\n\t\t\t\t\t<img decoding=\"async\" src=\"\n\t\t\t\t\thttps:\/\/franciszkanie.pl\/wp-content\/themes\/franciszkanie\/resources\/read-more.svg?ver=1.0.119\t\t\t\t\t\">\n\t\t\t\t<\/div>\n\t\t\t<\/span>\n\t\t<\/div>\n\t<\/a>\n\t<div class=\"overlay-hover\">\n\t\t<a class=\"site\" href=\"http:\/\/ftn.franciszkanie.pl\">\n\t\t\tftn.franciszkanie.pl\t\t<\/a>\n\t\t<a class=\"place\" href=\"https:\/\/franciszkanie.pl\/it\/prowincja\/dziela\/franciszkanskie-towarzystwo-naukowe\/\">\n\t\t\t\t\t<\/a>\n\t\t\n<div class=\"fr-read-more\n\">\n\t\t\t<a href=\"\n\t\thttps:\/\/franciszkanie.pl\/it\/prowincja\/dziela\/franciszkanskie-towarzystwo-naukowe\/\t\t\"\n\t\t\t\t>\n\t\t\t\twi\u0119cej\t\t\t<div class=\"arrow\">\n\t\t\t\t<img decoding=\"async\" src=\"\n\t\t\t\thttps:\/\/franciszkanie.pl\/wp-content\/themes\/franciszkanie\/resources\/read-more.svg?ver=1.0.119\t\t\t\t\">\n\t\t\t<\/div>\n\t\t\t<\/a>\n\t<\/div>\n\t<\/div>\n<\/div>\n\n<div class=\"fr-works-tile\">\n\t<a class=\"tile\" href=\"https:\/\/franciszkanie.pl\/it\/prowincja\/dziela\/fundacja-brat-slonce\/\">\n\t\t<img decoding=\"async\" src=\"https:\/\/franciszkanie.pl\/wp-content\/uploads\/2022\/08\/Fundacja-Brat-Slonce.webp\">\n\t\t<div class=\"overlay\">\n\t\t\t<span class=\"name\">Fundacja Brat S\u0142o\u0144ce<\/span>\n\t\t\t<span class=\"more-list\">\n\t\t\t\tzobacz wi\u0119cej\n\t\t\t\t<div class=\"arrow\">\n\t\t\t\t\t<img decoding=\"async\" src=\"\n\t\t\t\t\thttps:\/\/franciszkanie.pl\/wp-content\/themes\/franciszkanie\/resources\/read-more.svg?ver=1.0.119\t\t\t\t\t\">\n\t\t\t\t<\/div>\n\t\t\t<\/span>\n\t\t<\/div>\n\t<\/a>\n\t<div class=\"overlay-hover\">\n\t\t<a class=\"site\" href=\"http:\/\/bratslonce.pl\">\n\t\t\tbratslonce.pl\t\t<\/a>\n\t\t<a class=\"place\" href=\"https:\/\/franciszkanie.pl\/it\/prowincja\/dziela\/fundacja-brat-slonce\/\">\n\t\t\tKrak\u00f3w\t\t<\/a>\n\t\t\n<div class=\"fr-read-more\n\">\n\t\t\t<a href=\"\n\t\thttps:\/\/franciszkanie.pl\/it\/prowincja\/dziela\/fundacja-brat-slonce\/\t\t\"\n\t\t\t\t>\n\t\t\t\twi\u0119cej\t\t\t<div class=\"arrow\">\n\t\t\t\t<img decoding=\"async\" src=\"\n\t\t\t\thttps:\/\/franciszkanie.pl\/wp-content\/themes\/franciszkanie\/resources\/read-more.svg?ver=1.0.119\t\t\t\t\">\n\t\t\t<\/div>\n\t\t\t<\/a>\n\t<\/div>\n\t<\/div>\n<\/div>\n\n<div class=\"fr-works-tile\">\n\t<a class=\"tile\" href=\"https:\/\/franciszkanie.pl\/it\/prowincja\/dziela\/rycerstwo-niepokalanej-mi\/\">\n\t\t<img decoding=\"async\" src=\"https:\/\/franciszkanie.pl\/wp-content\/uploads\/2022\/08\/Rycerstwo-Niepokalanej_1.webp\">\n\t\t<div class=\"overlay\">\n\t\t\t<span class=\"name\">Rycerstwo Niepokalanej (MI)<\/span>\n\t\t\t<span class=\"more-list\">\n\t\t\t\tzobacz wi\u0119cej\n\t\t\t\t<div class=\"arrow\">\n\t\t\t\t\t<img decoding=\"async\" src=\"\n\t\t\t\t\thttps:\/\/franciszkanie.pl\/wp-content\/themes\/franciszkanie\/resources\/read-more.svg?ver=1.0.119\t\t\t\t\t\">\n\t\t\t\t<\/div>\n\t\t\t<\/span>\n\t\t<\/div>\n\t<\/a>\n\t<div class=\"overlay-hover\">\n\t\t<a class=\"site\" href=\"http:\/\/rycerstwoniepokalanej.pl\">\n\t\t\trycerstwoniepokalanej.pl\t\t<\/a>\n\t\t<a class=\"place\" href=\"https:\/\/franciszkanie.pl\/it\/prowincja\/dziela\/rycerstwo-niepokalanej-mi\/\">\n\t\t\t\t\t<\/a>\n\t\t\n<div class=\"fr-read-more\n\">\n\t\t\t<a href=\"\n\t\thttps:\/\/franciszkanie.pl\/it\/prowincja\/dziela\/rycerstwo-niepokalanej-mi\/\t\t\"\n\t\t\t\t>\n\t\t\t\twi\u0119cej\t\t\t<div class=\"arrow\">\n\t\t\t\t<img decoding=\"async\" src=\"\n\t\t\t\thttps:\/\/franciszkanie.pl\/wp-content\/themes\/franciszkanie\/resources\/read-more.svg?ver=1.0.119\t\t\t\t\">\n\t\t\t<\/div>\n\t\t\t<\/a>\n\t<\/div>\n\t<\/div>\n<\/div>\n\n<div class=\"fr-works-tile\">\n\t<a class=\"tile\" href=\"https:\/\/franciszkanie.pl\/it\/prowincja\/dziela\/bratni-zew\/\">\n\t\t<img decoding=\"async\" src=\"https:\/\/franciszkanie.pl\/wp-content\/uploads\/2022\/10\/Bratni-Zew.webp\">\n\t\t<div class=\"overlay\">\n\t\t\t<span class=\"name\">Bratni Zew<\/span>\n\t\t\t<span class=\"more-list\">\n\t\t\t\tzobacz wi\u0119cej\n\t\t\t\t<div class=\"arrow\">\n\t\t\t\t\t<img decoding=\"async\" src=\"\n\t\t\t\t\thttps:\/\/franciszkanie.pl\/wp-content\/themes\/franciszkanie\/resources\/read-more.svg?ver=1.0.119\t\t\t\t\t\">\n\t\t\t\t<\/div>\n\t\t\t<\/span>\n\t\t<\/div>\n\t<\/a>\n\t<div class=\"overlay-hover\">\n\t\t<a class=\"site\" href=\"http:\/\/bratnizew.pl\">\n\t\t\tbratnizew.pl\t\t<\/a>\n\t\t<a class=\"place\" href=\"https:\/\/franciszkanie.pl\/it\/prowincja\/dziela\/bratni-zew\/\">\n\t\t\tKrak\u00f3w\t\t<\/a>\n\t\t\n<div class=\"fr-read-more\n\">\n\t\t\t<a href=\"\n\t\thttps:\/\/franciszkanie.pl\/it\/prowincja\/dziela\/bratni-zew\/\t\t\"\n\t\t\t\t>\n\t\t\t\twi\u0119cej\t\t\t<div class=\"arrow\">\n\t\t\t\t<img decoding=\"async\" src=\"\n\t\t\t\thttps:\/\/franciszkanie.pl\/wp-content\/themes\/franciszkanie\/resources\/read-more.svg?ver=1.0.119\t\t\t\t\">\n\t\t\t<\/div>\n\t\t\t<\/a>\n\t<\/div>\n\t<\/div>\n<\/div>\n\n<div class=\"fr-works-tile\">\n\t<a class=\"tile\" href=\"https:\/\/franciszkanie.pl\/it\/prowincja\/dziela\/instytut-studiow-franciszkanskich\/\">\n\t\t<img decoding=\"async\" src=\"https:\/\/franciszkanie.pl\/wp-content\/uploads\/2022\/07\/ISF_1.webp\">\n\t\t<div class=\"overlay\">\n\t\t\t<span class=\"name\">Instytut Studi\u00f3w Franciszka\u0144skich<\/span>\n\t\t\t<span class=\"more-list\">\n\t\t\t\tzobacz wi\u0119cej\n\t\t\t\t<div class=\"arrow\">\n\t\t\t\t\t<img decoding=\"async\" src=\"\n\t\t\t\t\thttps:\/\/franciszkanie.pl\/wp-content\/themes\/franciszkanie\/resources\/read-more.svg?ver=1.0.119\t\t\t\t\t\">\n\t\t\t\t<\/div>\n\t\t\t<\/span>\n\t\t<\/div>\n\t<\/a>\n\t<div class=\"overlay-hover\">\n\t\t<a class=\"site\" href=\"http:\/\/isf.edu.pl\">\n\t\t\tisf.edu.pl\t\t<\/a>\n\t\t<a class=\"place\" href=\"https:\/\/franciszkanie.pl\/it\/prowincja\/dziela\/instytut-studiow-franciszkanskich\/\">\n\t\t\tKrak\u00f3w\t\t<\/a>\n\t\t\n<div class=\"fr-read-more\n\">\n\t\t\t<a href=\"\n\t\thttps:\/\/franciszkanie.pl\/it\/prowincja\/dziela\/instytut-studiow-franciszkanskich\/\t\t\"\n\t\t\t\t>\n\t\t\t\twi\u0119cej\t\t\t<div class=\"arrow\">\n\t\t\t\t<img decoding=\"async\" src=\"\n\t\t\t\thttps:\/\/franciszkanie.pl\/wp-content\/themes\/franciszkanie\/resources\/read-more.svg?ver=1.0.119\t\t\t\t\">\n\t\t\t<\/div>\n\t\t\t<\/a>\n\t<\/div>\n\t<\/div>\n<\/div>\n    <\/div>\n    <div class=\"works-more\">\n        \n<div class=\"infinite-scroll-indicator\" id=\"fr-infinite-scroll-indicator\" data-widget=\"works\">\n\t<div class=\"loader\">\n\t\t<div><\/div>\n\t\t<div><\/div>\n\t\t<div><\/div>\n\t\t<div><\/div>\n\t<\/div>\n<\/div>\n    <\/div>\n<\/div>\n\t\t\t\t<\/div>\n\t\t\t\t<\/div>\n\t\t\t\t\t<\/div>\n\t\t<\/div>\n\t\t\t\t\t<\/div>\n\t\t<\/section>\n\t\t\t\t<\/div>\n\t\t","protected":false},"excerpt":{"rendered":"<p>Dzie\u0142a i inicjatywy Krakowskiej Prowincji Franciszkan\u00f3w Rzeczy wa\u017cne dla \u015bw. Franciszka &#8211; cho\u0107 maj\u0105 ju\u017c ponad 800 lat &#8211; nadal inspiruj\u0105. Podejmujemy r\u00f3\u017cnorodne dzia\u0142ania, \u017ceby jego duch nadal \u017cy\u0142 w \u015bwiecie. dzie\u0142a widok mniejsi zobacz wi\u0119cej wi\u0119cej Franciszka\u0144skie Towarzystwo Naukowe zobacz wi\u0119cej ftn.franciszkanie.pl wi\u0119cej Fundacja Brat S\u0142o\u0144ce zobacz wi\u0119cej bratslonce.pl Krak\u00f3w wi\u0119cej Rycerstwo Niepokalanej (MI) [&hellip;]<\/p>\n","protected":false},"author":14,"featured_media":0,"parent":276,"menu_order":0,"comment_status":"closed","ping_status":"closed","template":"page-templates\/sidebar-header.php","meta":{"footnotes":""},"class_list":["post-278","page","type-page","status-publish","hentry"],"yoast_head":"<!-- This site is optimized with the Yoast SEO Premium plugin v24.4 (Yoast SEO v24.4) - https:\/\/yoast.com\/wordpress\/plugins\/seo\/ -->\n<title>Dzie\u0142a i inicjatywy | Krakowska Prowincja Franciszkan\u00f3w<\/title>\n<meta name=\"description\" content=\"Poznaj dzie\u0142a franciszkan\u00f3w i zobacz, jak mo\u017cesz w\u0142\u0105czy\u0107 si\u0119 w pomoc innym! Odkryj nasze inicjatywy duszpasterskie, charytatywne i edukacyjne.\" \/>\n<meta name=\"robots\" content=\"index, follow, max-snippet:-1, max-image-preview:large, max-video-preview:-1\" \/>\n<link rel=\"canonical\" href=\"https:\/\/franciszkanie.pl\/prowincja\/dziela\/\" \/>\n<meta property=\"og:locale\" content=\"it_IT\" \/>\n<meta property=\"og:type\" content=\"article\" \/>\n<meta property=\"og:title\" content=\"Dzie\u0142a\" \/>\n<meta property=\"og:description\" content=\"Poznaj dzie\u0142a franciszkan\u00f3w i zobacz, jak mo\u017cesz w\u0142\u0105czy\u0107 si\u0119 w pomoc innym! Odkryj nasze inicjatywy duszpasterskie, charytatywne i edukacyjne.\" \/>\n<meta property=\"og:url\" content=\"https:\/\/franciszkanie.pl\/prowincja\/dziela\/\" \/>\n<meta property=\"og:site_name\" content=\"franciszkanie\" \/>\n<meta property=\"article:publisher\" content=\"https:\/\/www.facebook.com\/franciszkaniekrakow\/\" \/>\n<meta property=\"article:modified_time\" content=\"2026-01-30T16:45:35+00:00\" \/>\n<meta property=\"og:image\" content=\"https:\/\/franciszkanie.pl\/wp-content\/uploads\/2024\/07\/mniejsi_1.webp\" \/>\n<meta name=\"twitter:card\" content=\"summary_large_image\" \/>\n<meta name=\"twitter:label1\" content=\"Tempo di lettura stimato\" \/>\n\t<meta name=\"twitter:data1\" content=\"5 minuti\" \/>\n<script type=\"application\/ld+json\" class=\"yoast-schema-graph\">{\"@context\":\"https:\/\/schema.org\",\"@graph\":[{\"@type\":\"WebPage\",\"@id\":\"https:\/\/franciszkanie.pl\/prowincja\/dziela\/\",\"url\":\"https:\/\/franciszkanie.pl\/prowincja\/dziela\/\",\"name\":\"Dzie\u0142a i inicjatywy | Krakowska Prowincja Franciszkan\u00f3w\",\"isPartOf\":{\"@id\":\"https:\/\/franciszkanie.pl\/#website\"},\"primaryImageOfPage\":{\"@id\":\"https:\/\/franciszkanie.pl\/prowincja\/dziela\/#primaryimage\"},\"image\":{\"@id\":\"https:\/\/franciszkanie.pl\/prowincja\/dziela\/#primaryimage\"},\"thumbnailUrl\":\"https:\/\/franciszkanie.pl\/wp-content\/uploads\/2024\/07\/mniejsi_1.webp\",\"datePublished\":\"2022-07-01T11:29:14+00:00\",\"dateModified\":\"2026-01-30T16:45:35+00:00\",\"description\":\"Poznaj dzie\u0142a franciszkan\u00f3w i zobacz, jak mo\u017cesz w\u0142\u0105czy\u0107 si\u0119 w pomoc innym! Odkryj nasze inicjatywy duszpasterskie, charytatywne i edukacyjne.\",\"breadcrumb\":{\"@id\":\"https:\/\/franciszkanie.pl\/prowincja\/dziela\/#breadcrumb\"},\"inLanguage\":\"it-IT\",\"potentialAction\":[{\"@type\":\"ReadAction\",\"target\":[\"https:\/\/franciszkanie.pl\/prowincja\/dziela\/\"]}]},{\"@type\":\"ImageObject\",\"inLanguage\":\"it-IT\",\"@id\":\"https:\/\/franciszkanie.pl\/prowincja\/dziela\/#primaryimage\",\"url\":\"https:\/\/franciszkanie.pl\/wp-content\/uploads\/2024\/07\/mniejsi_1.webp\",\"contentUrl\":\"https:\/\/franciszkanie.pl\/wp-content\/uploads\/2024\/07\/mniejsi_1.webp\"},{\"@type\":\"BreadcrumbList\",\"@id\":\"https:\/\/franciszkanie.pl\/prowincja\/dziela\/#breadcrumb\",\"itemListElement\":[{\"@type\":\"ListItem\",\"position\":1,\"name\":\"Strona g\u0142\u00f3wna\",\"item\":\"https:\/\/franciszkanie.pl\/\"},{\"@type\":\"ListItem\",\"position\":2,\"name\":\"Prowincja\",\"item\":\"https:\/\/franciszkanie.pl\/prowincja\/\"},{\"@type\":\"ListItem\",\"position\":3,\"name\":\"Dzie\u0142a\"}]},{\"@type\":\"WebSite\",\"@id\":\"https:\/\/franciszkanie.pl\/#website\",\"url\":\"https:\/\/franciszkanie.pl\/\",\"name\":\"franciszkanie.pl\",\"description\":\"prowincja krakowska\",\"potentialAction\":[{\"@type\":\"SearchAction\",\"target\":{\"@type\":\"EntryPoint\",\"urlTemplate\":\"https:\/\/franciszkanie.pl\/?s={search_term_string}\"},\"query-input\":{\"@type\":\"PropertyValueSpecification\",\"valueRequired\":true,\"valueName\":\"search_term_string\"}}],\"inLanguage\":\"it-IT\"}]}<\/script>\n<!-- \/ Yoast SEO Premium plugin. -->","yoast_head_json":{"title":"Dzie\u0142a i inicjatywy | Krakowska Prowincja Franciszkan\u00f3w","description":"Poznaj dzie\u0142a franciszkan\u00f3w i zobacz, jak mo\u017cesz w\u0142\u0105czy\u0107 si\u0119 w pomoc innym! Odkryj nasze inicjatywy duszpasterskie, charytatywne i edukacyjne.","robots":{"index":"index","follow":"follow","max-snippet":"max-snippet:-1","max-image-preview":"max-image-preview:large","max-video-preview":"max-video-preview:-1"},"canonical":"https:\/\/franciszkanie.pl\/prowincja\/dziela\/","og_locale":"it_IT","og_type":"article","og_title":"Dzie\u0142a","og_description":"Poznaj dzie\u0142a franciszkan\u00f3w i zobacz, jak mo\u017cesz w\u0142\u0105czy\u0107 si\u0119 w pomoc innym! Odkryj nasze inicjatywy duszpasterskie, charytatywne i edukacyjne.","og_url":"https:\/\/franciszkanie.pl\/prowincja\/dziela\/","og_site_name":"franciszkanie","article_publisher":"https:\/\/www.facebook.com\/franciszkaniekrakow\/","article_modified_time":"2026-01-30T16:45:35+00:00","og_image":[{"url":"https:\/\/franciszkanie.pl\/wp-content\/uploads\/2024\/07\/mniejsi_1.webp","type":"","width":"","height":""}],"twitter_card":"summary_large_image","twitter_misc":{"Tempo di lettura stimato":"5 minuti"},"schema":{"@context":"https:\/\/schema.org","@graph":[{"@type":"WebPage","@id":"https:\/\/franciszkanie.pl\/prowincja\/dziela\/","url":"https:\/\/franciszkanie.pl\/prowincja\/dziela\/","name":"Dzie\u0142a i inicjatywy | Krakowska Prowincja Franciszkan\u00f3w","isPartOf":{"@id":"https:\/\/franciszkanie.pl\/#website"},"primaryImageOfPage":{"@id":"https:\/\/franciszkanie.pl\/prowincja\/dziela\/#primaryimage"},"image":{"@id":"https:\/\/franciszkanie.pl\/prowincja\/dziela\/#primaryimage"},"thumbnailUrl":"https:\/\/franciszkanie.pl\/wp-content\/uploads\/2024\/07\/mniejsi_1.webp","datePublished":"2022-07-01T11:29:14+00:00","dateModified":"2026-01-30T16:45:35+00:00","description":"Poznaj dzie\u0142a franciszkan\u00f3w i zobacz, jak mo\u017cesz w\u0142\u0105czy\u0107 si\u0119 w pomoc innym! Odkryj nasze inicjatywy duszpasterskie, charytatywne i edukacyjne.","breadcrumb":{"@id":"https:\/\/franciszkanie.pl\/prowincja\/dziela\/#breadcrumb"},"inLanguage":"it-IT","potentialAction":[{"@type":"ReadAction","target":["https:\/\/franciszkanie.pl\/prowincja\/dziela\/"]}]},{"@type":"ImageObject","inLanguage":"it-IT","@id":"https:\/\/franciszkanie.pl\/prowincja\/dziela\/#primaryimage","url":"https:\/\/franciszkanie.pl\/wp-content\/uploads\/2024\/07\/mniejsi_1.webp","contentUrl":"https:\/\/franciszkanie.pl\/wp-content\/uploads\/2024\/07\/mniejsi_1.webp"},{"@type":"BreadcrumbList","@id":"https:\/\/franciszkanie.pl\/prowincja\/dziela\/#breadcrumb","itemListElement":[{"@type":"ListItem","position":1,"name":"Strona g\u0142\u00f3wna","item":"https:\/\/franciszkanie.pl\/"},{"@type":"ListItem","position":2,"name":"Prowincja","item":"https:\/\/franciszkanie.pl\/prowincja\/"},{"@type":"ListItem","position":3,"name":"Dzie\u0142a"}]},{"@type":"WebSite","@id":"https:\/\/franciszkanie.pl\/#website","url":"https:\/\/franciszkanie.pl\/","name":"franciszkanie.pl","description":"prowincja krakowska","potentialAction":[{"@type":"SearchAction","target":{"@type":"EntryPoint","urlTemplate":"https:\/\/franciszkanie.pl\/?s={search_term_string}"},"query-input":{"@type":"PropertyValueSpecification","valueRequired":true,"valueName":"search_term_string"}}],"inLanguage":"it-IT"}]}},"acf":[],"_links":{"self":[{"href":"https:\/\/franciszkanie.pl\/it\/wp-json\/wp\/v2\/pages\/278","targetHints":{"allow":["GET"]}}],"collection":[{"href":"https:\/\/franciszkanie.pl\/it\/wp-json\/wp\/v2\/pages"}],"about":[{"href":"https:\/\/franciszkanie.pl\/it\/wp-json\/wp\/v2\/types\/page"}],"author":[{"embeddable":true,"href":"https:\/\/franciszkanie.pl\/it\/wp-json\/wp\/v2\/users\/14"}],"replies":[{"embeddable":true,"href":"https:\/\/franciszkanie.pl\/it\/wp-json\/wp\/v2\/comments?post=278"}],"version-history":[{"count":33,"href":"https:\/\/franciszkanie.pl\/it\/wp-json\/wp\/v2\/pages\/278\/revisions"}],"predecessor-version":[{"id":39192,"href":"https:\/\/franciszkanie.pl\/it\/wp-json\/wp\/v2\/pages\/278\/revisions\/39192"}],"up":[{"embeddable":true,"href":"https:\/\/franciszkanie.pl\/it\/wp-json\/wp\/v2\/pages\/276"}],"wp:attachment":[{"href":"https:\/\/franciszkanie.pl\/it\/wp-json\/wp\/v2\/media?parent=278"}],"curies":[{"name":"wp","href":"https:\/\/api.w.org\/{rel}","templated":true}]}}