{"id":284,"date":"2022-07-01T13:30:09","date_gmt":"2022-07-01T11:30:09","guid":{"rendered":"https:\/\/franciszkanie.pl\/?page_id=284"},"modified":"2026-02-01T12:14:28","modified_gmt":"2026-02-01T11:14:28","slug":"bracia","status":"publish","type":"page","link":"https:\/\/franciszkanie.pl\/it\/prowincja\/bracia\/","title":{"rendered":"Bracia"},"content":{"rendered":"\t\t<div data-elementor-type=\"wp-page\" data-elementor-id=\"284\" class=\"elementor elementor-284\" data-elementor-post-type=\"page\">\n\t\t\t\t\t\t<section class=\"elementor-section elementor-top-section elementor-element elementor-element-3cba133 elementor-section-boxed elementor-section-height-default elementor-section-height-default\" data-id=\"3cba133\" data-element_type=\"section\">\n\t\t\t\t\t\t<div class=\"elementor-container elementor-column-gap-default\">\n\t\t\t\t\t<div class=\"elementor-column elementor-col-100 elementor-top-column elementor-element elementor-element-abe9ed2\" data-id=\"abe9ed2\" data-element_type=\"column\">\n\t\t\t<div class=\"elementor-widget-wrap elementor-element-populated\">\n\t\t\t\t\t\t<div class=\"elementor-element elementor-element-a5e96a6 elementor-widget elementor-widget-brothers\" data-id=\"a5e96a6\" data-element_type=\"widget\" data-widget_type=\"brothers.default\">\n\t\t\t\t<div class=\"elementor-widget-container\">\n\t\t\t\t\t\n<div class=\"fr-elementor-brothers\">\n\t<span class=\"brothers-title\">bracia franciszkanie<\/span>\n\t<div class=\"brothers-search-bar\">\n\t\t<form class=\"search-form\" id=\"fr-elementor-brothers-search\">\n\t\t\t<input class=\"hidden\" id=\"fr-elementor-brothers-nonce\" value=\"cb2d40d364\">\n\t\t\t<input class=\"search-field\" type=\"text\" id=\"fr-elementor-brothers-input\" placeholder=\"wpisz imi\u0119 lub nazwisko\" value=\"\">\n\t\t\t<label class=\"form-submit\" id=\"fr-brothers-search-submit\">\n\t\t\t\t<input type=\"submit\" value=\"?\">\n\t\t\t\t<svg width=\"22\" height=\"22\" viewBox=\"0 0 22 22\" fill=\"none\" xmlns=\"http:\/\/www.w3.org\/2000\/svg\">\n<path d=\"M22 20.8177L15.864 14.6817C17.3385 12.9115 18.0738 10.641 17.9169 8.34248C17.76 6.04397 16.723 3.89444 15.0216 2.34104C13.3202 0.787639 11.0855 -0.0500219 8.78222 0.00231252C6.47896 0.054647 4.28454 0.992947 2.65547 2.62202C1.02639 4.25109 0.0880942 6.44551 0.0357598 8.74877C-0.0165747 11.052 0.821086 13.2868 2.37448 14.9882C3.92788 16.6896 6.07742 17.7266 8.37592 17.8835C10.6744 18.0404 12.9449 17.3051 14.7151 15.8306L20.8511 21.9666L22 20.8177ZM1.6875 8.96656C1.6875 7.52028 2.11637 6.10648 2.91988 4.90395C3.72339 3.70141 4.86545 2.76415 6.20163 2.21069C7.53781 1.65722 9.00811 1.51241 10.4266 1.79456C11.8451 2.07672 13.148 2.77317 14.1707 3.79584C15.1934 4.81851 15.8898 6.12147 16.172 7.53996C16.4541 8.95844 16.3093 10.4287 15.7559 11.7649C15.2024 13.1011 14.2651 14.2432 13.0626 15.0467C11.8601 15.8502 10.4463 16.2791 9 16.2791C7.06127 16.2769 5.20255 15.5058 3.83166 14.1349C2.46077 12.764 1.68965 10.9053 1.6875 8.96656Z\" fill=\"black\"\/>\n<\/svg>\n\t\t\t<\/label>\n\t\t<\/form>\n\t<\/div>\n\n\t\n<div class=\"fr-view-type\">\n\t<span>widok<\/span>\n\t<img\n\tid=\"fr-view-type-grid\"\n\tclass=\"\n\t\t\"\n\tsrc=\"\n\thttps:\/\/franciszkanie.pl\/wp-content\/themes\/franciszkanie\/resources\/view-type-grid.svg?ver=1.0.120\t\">\n\t<img\n\tid=\"fr-view-type-list\"\n\tclass=\"\n\tactive\t\"\n\tsrc=\"\n\thttps:\/\/franciszkanie.pl\/wp-content\/themes\/franciszkanie\/resources\/view-type-list.svg?ver=1.0.120\t\">\n<\/div>\n\n\t<div class=\"brothers-entries-wrapper\" id=\"brothers-entries-wrapper\">\n\t\t<div class=\"brothers-entries\n\t\tview-type-list\t\t\">\n\t\t\t\t\t\t\t<div class=\"brothers-entries-category\">\n\t\t\t\t\t\n<div class=\"fr-single-brother-letter fr-single-brother-letter-(a)\">\n\t<div class=\"inner\">\n\t\t<span class=\"letter\">\n\t\t\ta\t\t\t<span class=\"count\">\n\t\t\t\t<span class=\"int\">\n\t\t\t\t\t5\t\t\t\t<\/span>\n\t\t\t\t<span class=\"text\">\n\t\t\t\t\t braci\t\t\t\t<\/span>\n\t\t\t<\/span>\n\t\t<\/span>\n\t<\/div>\n<\/div>\n\n<div class=\"fr-single-brother\">\n\t<a href=\"https:\/\/franciszkanie.pl\/it\/prowincja\/bracia\/dudek-adam\/\">\n\t\t\t\t\t<img decoding=\"async\" src=\"https:\/\/franciszkanie.pl\/wp-content\/themes\/franciszkanie\/resources\/bracia-avatar.jpg?ver=1.0.120\">\n\t\t\t\t<div class=\"overlay\">\n\t\t\t<span>o. Adam Dudek<\/span>\n\t\t<\/div>\n\t\t<div class=\"overlay-hover\">\n\t\t\t<span class=\"church\">Kalwaria Pac\u0142awska<\/span>\n\t\t\t<span class=\"name\">o. Adam Dudek<\/span>\n\t\t\t<span class=\"more\">\n\t\t\t\t\n<div class=\"fr-read-more\n\">\n\t\t\t<span>\n\t\t\t\twi\u0119cej\t\t\t<div class=\"arrow\">\n\t\t\t\t<img decoding=\"async\" src=\"\n\t\t\t\thttps:\/\/franciszkanie.pl\/wp-content\/themes\/franciszkanie\/resources\/read-more.svg?ver=1.0.120\t\t\t\t\">\n\t\t\t<\/div>\n\t\t\t<\/span>\n\t<\/div>\n\t\t\t<\/span>\n\t\t<\/div>\n\t<\/a>\n<\/div>\n\n<div class=\"fr-single-brother\">\n\t<a href=\"https:\/\/franciszkanie.pl\/it\/prowincja\/bracia\/klag-adam\/\">\n\t\t\t\t\t<img decoding=\"async\" src=\"https:\/\/franciszkanie.pl\/wp-content\/themes\/franciszkanie\/resources\/bracia-avatar.jpg?ver=1.0.120\">\n\t\t\t\t<div class=\"overlay\">\n\t\t\t<span>o. Adam Klag<\/span>\n\t\t<\/div>\n\t\t<div class=\"overlay-hover\">\n\t\t\t<span class=\"church\"><\/span>\n\t\t\t<span class=\"name\">o. Adam Klag<\/span>\n\t\t\t<span class=\"more\">\n\t\t\t\t\n<div class=\"fr-read-more\n\">\n\t\t\t<span>\n\t\t\t\twi\u0119cej\t\t\t<div class=\"arrow\">\n\t\t\t\t<img decoding=\"async\" src=\"\n\t\t\t\thttps:\/\/franciszkanie.pl\/wp-content\/themes\/franciszkanie\/resources\/read-more.svg?ver=1.0.120\t\t\t\t\">\n\t\t\t<\/div>\n\t\t\t<\/span>\n\t<\/div>\n\t\t\t<\/span>\n\t\t<\/div>\n\t<\/a>\n<\/div>\n\n<div class=\"fr-single-brother\">\n\t<a href=\"https:\/\/franciszkanie.pl\/it\/prowincja\/bracia\/kruk-adam\/\">\n\t\t\t\t\t<img decoding=\"async\" src=\"https:\/\/franciszkanie.pl\/wp-content\/uploads\/2023\/06\/Kruk-Adam.webp\">\n\t\t\t\t<div class=\"overlay\">\n\t\t\t<span>o. Adam Kruk<\/span>\n\t\t<\/div>\n\t\t<div class=\"overlay-hover\">\n\t\t\t<span class=\"church\">D\u0105browa G\u00f3rnicza<\/span>\n\t\t\t<span class=\"name\">o. Adam Kruk<\/span>\n\t\t\t<span class=\"more\">\n\t\t\t\t\n<div class=\"fr-read-more\n\">\n\t\t\t<span>\n\t\t\t\twi\u0119cej\t\t\t<div class=\"arrow\">\n\t\t\t\t<img decoding=\"async\" src=\"\n\t\t\t\thttps:\/\/franciszkanie.pl\/wp-content\/themes\/franciszkanie\/resources\/read-more.svg?ver=1.0.120\t\t\t\t\">\n\t\t\t<\/div>\n\t\t\t<\/span>\n\t<\/div>\n\t\t\t<\/span>\n\t\t<\/div>\n\t<\/a>\n<\/div>\n\n<div class=\"fr-single-brother\">\n\t<a href=\"https:\/\/franciszkanie.pl\/it\/prowincja\/bracia\/michorczyk-adam\/\">\n\t\t\t\t\t<img decoding=\"async\" src=\"https:\/\/franciszkanie.pl\/wp-content\/themes\/franciszkanie\/resources\/bracia-avatar.jpg?ver=1.0.120\">\n\t\t\t\t<div class=\"overlay\">\n\t\t\t<span>o. Adam Michorczyk<\/span>\n\t\t<\/div>\n\t\t<div class=\"overlay-hover\">\n\t\t\t<span class=\"church\"><\/span>\n\t\t\t<span class=\"name\">o. Adam Michorczyk<\/span>\n\t\t\t<span class=\"more\">\n\t\t\t\t\n<div class=\"fr-read-more\n\">\n\t\t\t<span>\n\t\t\t\twi\u0119cej\t\t\t<div class=\"arrow\">\n\t\t\t\t<img decoding=\"async\" src=\"\n\t\t\t\thttps:\/\/franciszkanie.pl\/wp-content\/themes\/franciszkanie\/resources\/read-more.svg?ver=1.0.120\t\t\t\t\">\n\t\t\t<\/div>\n\t\t\t<\/span>\n\t<\/div>\n\t\t\t<\/span>\n\t\t<\/div>\n\t<\/a>\n<\/div>\n\n<div class=\"fr-single-brother\">\n\t<a href=\"https:\/\/franciszkanie.pl\/it\/prowincja\/bracia\/mikosiak-adam\/\">\n\t\t\t\t\t<img decoding=\"async\" src=\"https:\/\/franciszkanie.pl\/wp-content\/themes\/franciszkanie\/resources\/bracia-avatar.jpg?ver=1.0.120\">\n\t\t\t\t<div class=\"overlay\">\n\t\t\t<span>o. Adam Mikosiak<\/span>\n\t\t<\/div>\n\t\t<div class=\"overlay-hover\">\n\t\t\t<span class=\"church\">Krak\u00f3w<\/span>\n\t\t\t<span class=\"name\">o. Adam Mikosiak<\/span>\n\t\t\t<span class=\"more\">\n\t\t\t\t\n<div class=\"fr-read-more\n\">\n\t\t\t<span>\n\t\t\t\twi\u0119cej\t\t\t<div class=\"arrow\">\n\t\t\t\t<img decoding=\"async\" src=\"\n\t\t\t\thttps:\/\/franciszkanie.pl\/wp-content\/themes\/franciszkanie\/resources\/read-more.svg?ver=1.0.120\t\t\t\t\">\n\t\t\t<\/div>\n\t\t\t<\/span>\n\t<\/div>\n\t\t\t<\/span>\n\t\t<\/div>\n\t<\/a>\n<\/div>\n\t\t\t\t<\/div>\n\t\t\t\t\t\t<\/div>\n\t\t\n<div class=\"infinite-scroll-indicator\" id=\"fr-infinite-scroll-indicator\" data-widget=\"brothers\">\n\t<div class=\"loader\">\n\t\t<div><\/div>\n\t\t<div><\/div>\n\t\t<div><\/div>\n\t\t<div><\/div>\n\t<\/div>\n<\/div>\n\t<\/div>\n\n\t<\/div>\n\t\t\t\t<\/div>\n\t\t\t\t<\/div>\n\t\t\t\t\t<\/div>\n\t\t<\/div>\n\t\t\t\t\t<\/div>\n\t\t<\/section>\n\t\t\t\t<\/div>\n\t\t","protected":false},"excerpt":{"rendered":"<p>bracia franciszkanie &nbsp; &nbsp; widok a 1 brat br. Arkadiusz B\u0105k Harm\u0119\u017ce br. Arkadiusz B\u0105k wi\u0119cej m 3 braci br. Kazimierz Malinowski Harm\u0119\u017ce br. Kazimierz Malinowski wi\u0119cej br. Marek Ko\u0142odziejczyk Harm\u0119\u017ce br. Marek Ko\u0142odziejczyk wi\u0119cej o. Markadiusz G\u00f3ra Harm\u0119\u017ce o. Markadiusz G\u00f3ra wi\u0119cej<\/p>\n","protected":false},"author":14,"featured_media":0,"parent":276,"menu_order":0,"comment_status":"closed","ping_status":"closed","template":"page-templates\/sidebar-header.php","meta":{"footnotes":""},"class_list":["post-284","page","type-page","status-publish","hentry"],"yoast_head":"<!-- This site is optimized with the Yoast SEO Premium plugin v24.4 (Yoast SEO v24.4) - https:\/\/yoast.com\/wordpress\/plugins\/seo\/ -->\n<title>Bracia - franciszkanie<\/title>\n<meta name=\"robots\" content=\"noindex, follow\" \/>\n<meta property=\"og:locale\" content=\"it_IT\" \/>\n<meta property=\"og:type\" content=\"article\" \/>\n<meta property=\"og:title\" content=\"Bracia\" \/>\n<meta property=\"og:description\" content=\"bracia franciszkanie &nbsp; &nbsp; widok a 1 brat br. Arkadiusz B\u0105k Harm\u0119\u017ce br. Arkadiusz B\u0105k wi\u0119cej m 3 braci br. Kazimierz Malinowski Harm\u0119\u017ce br. Kazimierz Malinowski wi\u0119cej br. Marek Ko\u0142odziejczyk Harm\u0119\u017ce br. Marek Ko\u0142odziejczyk wi\u0119cej o. Markadiusz G\u00f3ra Harm\u0119\u017ce o. Markadiusz G\u00f3ra wi\u0119cej\" \/>\n<meta property=\"og:url\" content=\"https:\/\/franciszkanie.pl\/prowincja\/bracia\/\" \/>\n<meta property=\"og:site_name\" content=\"franciszkanie\" \/>\n<meta property=\"article:publisher\" content=\"https:\/\/www.facebook.com\/franciszkaniekrakow\/\" \/>\n<meta property=\"article:modified_time\" content=\"2026-02-01T11:14:28+00:00\" \/>\n<meta property=\"og:image\" content=\"https:\/\/franciszkanie.pl\/wp-content\/themes\/franciszkanie\/resources\/view-type-grid.svg?ver=0.1.0\" \/>\n<meta name=\"twitter:card\" content=\"summary_large_image\" \/>\n<meta name=\"twitter:label1\" content=\"Tempo di lettura stimato\" \/>\n\t<meta name=\"twitter:data1\" content=\"3 minuti\" \/>\n<script type=\"application\/ld+json\" class=\"yoast-schema-graph\">{\"@context\":\"https:\/\/schema.org\",\"@graph\":[{\"@type\":\"WebPage\",\"@id\":\"https:\/\/franciszkanie.pl\/prowincja\/bracia\/\",\"url\":\"https:\/\/franciszkanie.pl\/prowincja\/bracia\/\",\"name\":\"Bracia - franciszkanie\",\"isPartOf\":{\"@id\":\"https:\/\/franciszkanie.pl\/#website\"},\"primaryImageOfPage\":{\"@id\":\"https:\/\/franciszkanie.pl\/prowincja\/bracia\/#primaryimage\"},\"image\":{\"@id\":\"https:\/\/franciszkanie.pl\/prowincja\/bracia\/#primaryimage\"},\"thumbnailUrl\":\"https:\/\/franciszkanie.pl\/wp-content\/themes\/franciszkanie\/resources\/view-type-grid.svg?ver=0.1.0\",\"datePublished\":\"2022-07-01T11:30:09+00:00\",\"dateModified\":\"2026-02-01T11:14:28+00:00\",\"breadcrumb\":{\"@id\":\"https:\/\/franciszkanie.pl\/prowincja\/bracia\/#breadcrumb\"},\"inLanguage\":\"it-IT\",\"potentialAction\":[{\"@type\":\"ReadAction\",\"target\":[\"https:\/\/franciszkanie.pl\/prowincja\/bracia\/\"]}]},{\"@type\":\"ImageObject\",\"inLanguage\":\"it-IT\",\"@id\":\"https:\/\/franciszkanie.pl\/prowincja\/bracia\/#primaryimage\",\"url\":\"https:\/\/franciszkanie.pl\/wp-content\/themes\/franciszkanie\/resources\/view-type-grid.svg?ver=0.1.0\",\"contentUrl\":\"https:\/\/franciszkanie.pl\/wp-content\/themes\/franciszkanie\/resources\/view-type-grid.svg?ver=0.1.0\"},{\"@type\":\"BreadcrumbList\",\"@id\":\"https:\/\/franciszkanie.pl\/prowincja\/bracia\/#breadcrumb\",\"itemListElement\":[{\"@type\":\"ListItem\",\"position\":1,\"name\":\"Strona g\u0142\u00f3wna\",\"item\":\"https:\/\/franciszkanie.pl\/\"},{\"@type\":\"ListItem\",\"position\":2,\"name\":\"Prowincja\",\"item\":\"https:\/\/franciszkanie.pl\/prowincja\/\"},{\"@type\":\"ListItem\",\"position\":3,\"name\":\"Bracia\"}]},{\"@type\":\"WebSite\",\"@id\":\"https:\/\/franciszkanie.pl\/#website\",\"url\":\"https:\/\/franciszkanie.pl\/\",\"name\":\"franciszkanie.pl\",\"description\":\"prowincja krakowska\",\"potentialAction\":[{\"@type\":\"SearchAction\",\"target\":{\"@type\":\"EntryPoint\",\"urlTemplate\":\"https:\/\/franciszkanie.pl\/?s={search_term_string}\"},\"query-input\":{\"@type\":\"PropertyValueSpecification\",\"valueRequired\":true,\"valueName\":\"search_term_string\"}}],\"inLanguage\":\"it-IT\"}]}<\/script>\n<!-- \/ Yoast SEO Premium plugin. -->","yoast_head_json":{"title":"Bracia - franciszkanie","robots":{"index":"noindex","follow":"follow"},"og_locale":"it_IT","og_type":"article","og_title":"Bracia","og_description":"bracia franciszkanie &nbsp; &nbsp; widok a 1 brat br. Arkadiusz B\u0105k Harm\u0119\u017ce br. Arkadiusz B\u0105k wi\u0119cej m 3 braci br. Kazimierz Malinowski Harm\u0119\u017ce br. Kazimierz Malinowski wi\u0119cej br. Marek Ko\u0142odziejczyk Harm\u0119\u017ce br. Marek Ko\u0142odziejczyk wi\u0119cej o. Markadiusz G\u00f3ra Harm\u0119\u017ce o. Markadiusz G\u00f3ra wi\u0119cej","og_url":"https:\/\/franciszkanie.pl\/prowincja\/bracia\/","og_site_name":"franciszkanie","article_publisher":"https:\/\/www.facebook.com\/franciszkaniekrakow\/","article_modified_time":"2026-02-01T11:14:28+00:00","og_image":[{"url":"https:\/\/franciszkanie.pl\/wp-content\/themes\/franciszkanie\/resources\/view-type-grid.svg?ver=0.1.0","type":"","width":"","height":""}],"twitter_card":"summary_large_image","twitter_misc":{"Tempo di lettura stimato":"3 minuti"},"schema":{"@context":"https:\/\/schema.org","@graph":[{"@type":"WebPage","@id":"https:\/\/franciszkanie.pl\/prowincja\/bracia\/","url":"https:\/\/franciszkanie.pl\/prowincja\/bracia\/","name":"Bracia - franciszkanie","isPartOf":{"@id":"https:\/\/franciszkanie.pl\/#website"},"primaryImageOfPage":{"@id":"https:\/\/franciszkanie.pl\/prowincja\/bracia\/#primaryimage"},"image":{"@id":"https:\/\/franciszkanie.pl\/prowincja\/bracia\/#primaryimage"},"thumbnailUrl":"https:\/\/franciszkanie.pl\/wp-content\/themes\/franciszkanie\/resources\/view-type-grid.svg?ver=0.1.0","datePublished":"2022-07-01T11:30:09+00:00","dateModified":"2026-02-01T11:14:28+00:00","breadcrumb":{"@id":"https:\/\/franciszkanie.pl\/prowincja\/bracia\/#breadcrumb"},"inLanguage":"it-IT","potentialAction":[{"@type":"ReadAction","target":["https:\/\/franciszkanie.pl\/prowincja\/bracia\/"]}]},{"@type":"ImageObject","inLanguage":"it-IT","@id":"https:\/\/franciszkanie.pl\/prowincja\/bracia\/#primaryimage","url":"https:\/\/franciszkanie.pl\/wp-content\/themes\/franciszkanie\/resources\/view-type-grid.svg?ver=0.1.0","contentUrl":"https:\/\/franciszkanie.pl\/wp-content\/themes\/franciszkanie\/resources\/view-type-grid.svg?ver=0.1.0"},{"@type":"BreadcrumbList","@id":"https:\/\/franciszkanie.pl\/prowincja\/bracia\/#breadcrumb","itemListElement":[{"@type":"ListItem","position":1,"name":"Strona g\u0142\u00f3wna","item":"https:\/\/franciszkanie.pl\/"},{"@type":"ListItem","position":2,"name":"Prowincja","item":"https:\/\/franciszkanie.pl\/prowincja\/"},{"@type":"ListItem","position":3,"name":"Bracia"}]},{"@type":"WebSite","@id":"https:\/\/franciszkanie.pl\/#website","url":"https:\/\/franciszkanie.pl\/","name":"franciszkanie.pl","description":"prowincja krakowska","potentialAction":[{"@type":"SearchAction","target":{"@type":"EntryPoint","urlTemplate":"https:\/\/franciszkanie.pl\/?s={search_term_string}"},"query-input":{"@type":"PropertyValueSpecification","valueRequired":true,"valueName":"search_term_string"}}],"inLanguage":"it-IT"}]}},"acf":[],"_links":{"self":[{"href":"https:\/\/franciszkanie.pl\/it\/wp-json\/wp\/v2\/pages\/284","targetHints":{"allow":["GET"]}}],"collection":[{"href":"https:\/\/franciszkanie.pl\/it\/wp-json\/wp\/v2\/pages"}],"about":[{"href":"https:\/\/franciszkanie.pl\/it\/wp-json\/wp\/v2\/types\/page"}],"author":[{"embeddable":true,"href":"https:\/\/franciszkanie.pl\/it\/wp-json\/wp\/v2\/users\/14"}],"replies":[{"embeddable":true,"href":"https:\/\/franciszkanie.pl\/it\/wp-json\/wp\/v2\/comments?post=284"}],"version-history":[{"count":31,"href":"https:\/\/franciszkanie.pl\/it\/wp-json\/wp\/v2\/pages\/284\/revisions"}],"predecessor-version":[{"id":39226,"href":"https:\/\/franciszkanie.pl\/it\/wp-json\/wp\/v2\/pages\/284\/revisions\/39226"}],"up":[{"embeddable":true,"href":"https:\/\/franciszkanie.pl\/it\/wp-json\/wp\/v2\/pages\/276"}],"wp:attachment":[{"href":"https:\/\/franciszkanie.pl\/it\/wp-json\/wp\/v2\/media?parent=284"}],"curies":[{"name":"wp","href":"https:\/\/api.w.org\/{rel}","templated":true}]}}